{"id":1778,"date":"2023-06-28T20:49:27","date_gmt":"2023-06-28T18:49:27","guid":{"rendered":"http:\/\/batepker.hu\/?page_id=1778"},"modified":"2023-07-05T11:21:17","modified_gmt":"2023-07-05T09:21:17","slug":"kivitelezes","status":"publish","type":"page","link":"https:\/\/batepker.hu\/index.php\/kivitelezes\/","title":{"rendered":"Kivitelez\u00e9s"},"content":{"rendered":"<p>[vc_row][vc_column]<div style=\"background-color:;height: 50px\" class=\"nicdark_section  \"><\/div>[\/vc_column][\/vc_row][vc_row full_width=&#8221;stretch_row_content&#8221; content_placement=&#8221;middle&#8221; css=&#8221;.vc_custom_1570528520926{margin-top: 20px !important;padding-right: 15px !important;padding-left: 15px !important;}&#8221;][vc_column width=&#8221;1\/3&#8243;]<div style=\"background-color:;height: 10px\" class=\"nicdark_section  \"><\/div>\n\n  <!--START FOCUS-->\n  <div class=\"nd_options_section nd_options_position_relative three_box \">\n                      \n      <img decoding=\"async\" alt=\"\" class=\"nd_options_section\" src=\"https:\/\/batepker.hu\/wp-content\/uploads\/2023\/06\/vlcsnap-2023-06-28-12h25m19s234-1024x576.png\">\n\n      <div class=\"nd_options_bg_greydark_alpha_gradient nd_options_position_absolute nd_options_left_0 nd_options_height_100_percentage nd_options_width_100_percentage nd_options_padding_30 nd_options_box_sizing_border_box\">\n          \n          <div class=\"nd_options_display_table nd_options_width_100_percentage nd_options_height_100_percentage nd_options_text_align_center\">\n          \n              <div class=\"nd_options_display_table_cell nd_options_vertical_align_bottom\">\n            \n                <a rel=\"\" title=\"\u00c9p\u00fcletek alapoz\u00e1sa\" target=\"_self\" class=\"nd_options_color_white\" href=\"http:\/\/batepker.hu\/index.php\/epuletek-alapozasa\/\">\n                  <h4 class=\"nd_options_margin_0_important nd_options_color_white nd_options_color_white nd_options_second_font nd_options_letter_spacing_3 nd_options_font_weight_lighter\">\n                    \u00c9P\u00dcLETEK ALAPOZ\u00c1SA\n                  <\/h4>\n                <\/a>\n\n              <\/div>\n\n          <\/div>\n\n      <\/div>\n\n  <\/div>\n  <!--END FOCUS-->\n                \n\n   <div style=\"background-color:;height: 10px\" class=\"nicdark_section  \"><\/div>[\/vc_column][vc_column width=&#8221;1\/3&#8243;]<div style=\"background-color:;height: 10px\" class=\"nicdark_section  \"><\/div>\n\n  <!--START FOCUS-->\n  <div class=\"nd_options_section nd_options_position_relative three_box \">\n                      \n      <img decoding=\"async\" alt=\"\" class=\"nd_options_section\" src=\"https:\/\/batepker.hu\/wp-content\/uploads\/2023\/06\/vlcsnap-2023-06-28-12h28m19s806-1024x576.png\">\n\n      <div class=\"nd_options_bg_greydark_alpha_gradient nd_options_position_absolute nd_options_left_0 nd_options_height_100_percentage nd_options_width_100_percentage nd_options_padding_30 nd_options_box_sizing_border_box\">\n          \n          <div class=\"nd_options_display_table nd_options_width_100_percentage nd_options_height_100_percentage nd_options_text_align_center\">\n          \n              <div class=\"nd_options_display_table_cell nd_options_vertical_align_bottom\">\n            \n                <a rel=\"\" title=\"Ac\u00e9lszerkezet szerel\u00e9s\" target=\"_self\" class=\"nd_options_color_white\" href=\"http:\/\/batepker.hu\/index.php\/acelszerkezet_szereles\/\">\n                  <h4 class=\"nd_options_margin_0_important nd_options_color_white nd_options_color_white nd_options_second_font nd_options_letter_spacing_3 nd_options_font_weight_lighter\">\n                    AC\u00c9LSZERKEZET SZEREL\u00c9S\n                  <\/h4>\n                <\/a>\n\n              <\/div>\n\n          <\/div>\n\n      <\/div>\n\n  <\/div>\n  <!--END FOCUS-->\n                \n\n   <div style=\"background-color:;height: 10px\" class=\"nicdark_section  \"><\/div>[\/vc_column][vc_column width=&#8221;1\/3&#8243;]<div style=\"background-color:;height: 10px\" class=\"nicdark_section  \"><\/div>\n\n  <!--START FOCUS-->\n  <div class=\"nd_options_section nd_options_position_relative three_box \">\n                      \n      <img decoding=\"async\" alt=\"\" class=\"nd_options_section\" src=\"https:\/\/batepker.hu\/wp-content\/uploads\/2023\/06\/vlcsnap-2023-06-28-12h25m30s554-1024x576.png\">\n\n      <div class=\"nd_options_bg_greydark_alpha_gradient nd_options_position_absolute nd_options_left_0 nd_options_height_100_percentage nd_options_width_100_percentage nd_options_padding_30 nd_options_box_sizing_border_box\">\n          \n          <div class=\"nd_options_display_table nd_options_width_100_percentage nd_options_height_100_percentage nd_options_text_align_center\">\n          \n              <div class=\"nd_options_display_table_cell nd_options_vertical_align_bottom\">\n            \n                <a rel=\"\" title=\"Vasbeton szerkezetek\" target=\"_self\" class=\"nd_options_color_white\" href=\"http:\/\/batepker.hu\/index.php\/vasbeton-szerkezetek\/\">\n                  <h4 class=\"nd_options_margin_0_important nd_options_color_white nd_options_color_white nd_options_second_font nd_options_letter_spacing_3 nd_options_font_weight_lighter\">\n                    VASBETON SZERKEZETEK\n                  <\/h4>\n                <\/a>\n\n              <\/div>\n\n          <\/div>\n\n      <\/div>\n\n  <\/div>\n  <!--END FOCUS-->\n                \n\n   <div style=\"background-color:;height: 10px\" class=\"nicdark_section  \"><\/div>[\/vc_column][\/vc_row][vc_row full_width=&#8221;stretch_row_content&#8221; content_placement=&#8221;middle&#8221; css=&#8221;.vc_custom_1570528520926{margin-top: 20px !important;padding-right: 15px !important;padding-left: 15px !important;}&#8221;][vc_column width=&#8221;1\/3&#8243;]<div style=\"background-color:;height: 10px\" class=\"nicdark_section  \"><\/div>\n\n  <!--START FOCUS-->\n  <div class=\"nd_options_section nd_options_position_relative three_box \">\n                      \n      <img decoding=\"async\" alt=\"\" class=\"nd_options_section\" src=\"https:\/\/batepker.hu\/wp-content\/uploads\/2023\/06\/vlcsnap-2023-06-28-12h30m45s965-1024x576.png\">\n\n      <div class=\"nd_options_bg_greydark_alpha_gradient nd_options_position_absolute nd_options_left_0 nd_options_height_100_percentage nd_options_width_100_percentage nd_options_padding_30 nd_options_box_sizing_border_box\">\n          \n          <div class=\"nd_options_display_table nd_options_width_100_percentage nd_options_height_100_percentage nd_options_text_align_center\">\n          \n              <div class=\"nd_options_display_table_cell nd_options_vertical_align_bottom\">\n            \n                <a rel=\"\" title=\"T\u00e9relhat\u00e1rol\u00e1sok\" target=\"_self\" class=\"nd_options_color_white\" href=\"http:\/\/batepker.hu\/index.php\/terelhatarolasok\/\">\n                  <h4 class=\"nd_options_margin_0_important nd_options_color_white nd_options_color_white nd_options_second_font nd_options_letter_spacing_3 nd_options_font_weight_lighter\">\n                    T\u00c9RELHAT\u00c1ROL\u00c1SOK\n                  <\/h4>\n                <\/a>\n\n              <\/div>\n\n          <\/div>\n\n      <\/div>\n\n  <\/div>\n  <!--END FOCUS-->\n                \n\n   <div style=\"background-color:;height: 10px\" class=\"nicdark_section  \"><\/div>[\/vc_column][vc_column width=&#8221;1\/3&#8243;]<div style=\"background-color:;height: 10px\" class=\"nicdark_section  \"><\/div>\n\n  <!--START FOCUS-->\n  <div class=\"nd_options_section nd_options_position_relative three_box \">\n                      \n      <img decoding=\"async\" alt=\"\" class=\"nd_options_section\" src=\"https:\/\/batepker.hu\/wp-content\/uploads\/2023\/06\/vlcsnap-2023-06-28-19h30m49s968-1024x576.png\">\n\n      <div class=\"nd_options_bg_greydark_alpha_gradient nd_options_position_absolute nd_options_left_0 nd_options_height_100_percentage nd_options_width_100_percentage nd_options_padding_30 nd_options_box_sizing_border_box\">\n          \n          <div class=\"nd_options_display_table nd_options_width_100_percentage nd_options_height_100_percentage nd_options_text_align_center\">\n          \n              <div class=\"nd_options_display_table_cell nd_options_vertical_align_bottom\">\n            \n                <a rel=\"\" title=\"Szeg\u00e9lyez\u00e9sek\" target=\"_self\" class=\"nd_options_color_white\" href=\"http:\/\/batepker.hu\/index.php\/szegelyezesek\/\">\n                  <h4 class=\"nd_options_margin_0_important nd_options_color_white nd_options_color_white nd_options_second_font nd_options_letter_spacing_3 nd_options_font_weight_lighter\">\n                    SZEG\u00c9LYEZ\u00c9SEK\n                  <\/h4>\n                <\/a>\n\n              <\/div>\n\n          <\/div>\n\n      <\/div>\n\n  <\/div>\n  <!--END FOCUS-->\n                \n\n   <div style=\"background-color:;height: 10px\" class=\"nicdark_section  \"><\/div>[\/vc_column][vc_column width=&#8221;1\/3&#8243;]<div style=\"background-color:;height: 10px\" class=\"nicdark_section  \"><\/div>\n\n  <!--START FOCUS-->\n  <div class=\"nd_options_section nd_options_position_relative three_box \">\n                      \n      <img decoding=\"async\" alt=\"\" class=\"nd_options_section\" src=\"https:\/\/batepker.hu\/wp-content\/uploads\/2023\/06\/vlcsnap-2023-06-28-12h19m21s569-1024x576.png\">\n\n      <div class=\"nd_options_bg_greydark_alpha_gradient nd_options_position_absolute nd_options_left_0 nd_options_height_100_percentage nd_options_width_100_percentage nd_options_padding_30 nd_options_box_sizing_border_box\">\n          \n          <div class=\"nd_options_display_table nd_options_width_100_percentage nd_options_height_100_percentage nd_options_text_align_center\">\n          \n              <div class=\"nd_options_display_table_cell nd_options_vertical_align_bottom\">\n            \n                <a rel=\"\" title=\"G\u00e9pi f\u00f6ldmunk\u00e1k\" target=\"_self\" class=\"nd_options_color_white\" href=\"http:\/\/batepker.hu\/index.php\/gepi-foldmunkak\/\">\n                  <h4 class=\"nd_options_margin_0_important nd_options_color_white nd_options_color_white nd_options_second_font nd_options_letter_spacing_3 nd_options_font_weight_lighter\">\n                    G\u00c9PI F\u00d6LDMUNK\u00c1K\n                  <\/h4>\n                <\/a>\n\n              <\/div>\n\n          <\/div>\n\n      <\/div>\n\n  <\/div>\n  <!--END FOCUS-->\n                \n\n   <div style=\"background-color:;height: 10px\" class=\"nicdark_section  \"><\/div>[\/vc_column][\/vc_row][vc_row full_width=&#8221;stretch_row_content&#8221; content_placement=&#8221;middle&#8221; css=&#8221;.vc_custom_1570528520926{margin-top: 20px !important;padding-right: 15px !important;padding-left: 15px !important;}&#8221;][vc_column width=&#8221;1\/3&#8243;]<div style=\"background-color:;height: 10px\" class=\"nicdark_section  \"><\/div>\n\n  <!--START FOCUS-->\n  <div class=\"nd_options_section nd_options_position_relative three_box \">\n                      \n      <img decoding=\"async\" alt=\"\" class=\"nd_options_section\" src=\"https:\/\/batepker.hu\/wp-content\/uploads\/2023\/06\/vlcsnap-2023-06-28-12h20m23s746-1024x576.png\">\n\n      <div class=\"nd_options_bg_greydark_alpha_gradient nd_options_position_absolute nd_options_left_0 nd_options_height_100_percentage nd_options_width_100_percentage nd_options_padding_30 nd_options_box_sizing_border_box\">\n          \n          <div class=\"nd_options_display_table nd_options_width_100_percentage nd_options_height_100_percentage nd_options_text_align_center\">\n          \n              <div class=\"nd_options_display_table_cell nd_options_vertical_align_bottom\">\n            \n                <a rel=\"\" title=\"Daruz\u00e1si munk\u00e1k\" target=\"_self\" class=\"nd_options_color_white\" href=\"http:\/\/batepker.hu\/index.php\/daruzasi-munkak\/\">\n                  <h4 class=\"nd_options_margin_0_important nd_options_color_white nd_options_color_white nd_options_second_font nd_options_letter_spacing_3 nd_options_font_weight_lighter\">\n                    DARUZ\u00c1SI MUNK\u00c1K\n                  <\/h4>\n                <\/a>\n\n              <\/div>\n\n          <\/div>\n\n      <\/div>\n\n  <\/div>\n  <!--END FOCUS-->\n                \n\n   <div style=\"background-color:;height: 10px\" class=\"nicdark_section  \"><\/div>[\/vc_column][vc_column width=&#8221;1\/3&#8243;]<div style=\"background-color:;height: 10px\" class=\"nicdark_section  \"><\/div>\n\n  <!--START FOCUS-->\n  <div class=\"nd_options_section nd_options_position_relative three_box \">\n                      \n      <img decoding=\"async\" alt=\"\" class=\"nd_options_section\" src=\"https:\/\/batepker.hu\/wp-content\/uploads\/2023\/06\/vlcsnap-2023-06-28-12h23m22s287-1-1024x576.png\">\n\n      <div class=\"nd_options_bg_greydark_alpha_gradient nd_options_position_absolute nd_options_left_0 nd_options_height_100_percentage nd_options_width_100_percentage nd_options_padding_30 nd_options_box_sizing_border_box\">\n          \n          <div class=\"nd_options_display_table nd_options_width_100_percentage nd_options_height_100_percentage nd_options_text_align_center\">\n          \n              <div class=\"nd_options_display_table_cell nd_options_vertical_align_bottom\">\n            \n                <a rel=\"\" title=\"Ac\u00e9lszerkezetek gy\u00e1rt\u00e1sa\" target=\"_self\" class=\"nd_options_color_white\" href=\"http:\/\/batepker.hu\/index.php\/acelszerkezetek-gyartasa\/\">\n                  <h4 class=\"nd_options_margin_0_important nd_options_color_white nd_options_color_white nd_options_second_font nd_options_letter_spacing_3 nd_options_font_weight_lighter\">\n                    AC\u00c9LSZERKEZET GY\u00c1RT\u00c1S\n                  <\/h4>\n                <\/a>\n\n              <\/div>\n\n          <\/div>\n\n      <\/div>\n\n  <\/div>\n  <!--END FOCUS-->\n                \n\n   <div style=\"background-color:;height: 10px\" class=\"nicdark_section  \"><\/div>[\/vc_column][vc_column width=&#8221;1\/3&#8243;]<div style=\"background-color:;height: 10px\" class=\"nicdark_section  \"><\/div>\n\n  <!--START FOCUS-->\n  <div class=\"nd_options_section nd_options_position_relative three_box \">\n                      \n      <img decoding=\"async\" alt=\"\" class=\"nd_options_section\" src=\"https:\/\/batepker.hu\/wp-content\/uploads\/2023\/06\/vlcsnap-2023-06-28-12h24m25s276-1024x576.png\">\n\n      <div class=\"nd_options_bg_greydark_alpha_gradient nd_options_position_absolute nd_options_left_0 nd_options_height_100_percentage nd_options_width_100_percentage nd_options_padding_30 nd_options_box_sizing_border_box\">\n          \n          <div class=\"nd_options_display_table nd_options_width_100_percentage nd_options_height_100_percentage nd_options_text_align_center\">\n          \n              <div class=\"nd_options_display_table_cell nd_options_vertical_align_bottom\">\n            \n                <a rel=\"\" title=\"Lakatos szerkezetek\" target=\"_self\" class=\"nd_options_color_white\" href=\"http:\/\/batepker.hu\/index.php\/lakatos-szerkezetek\/\">\n                  <h4 class=\"nd_options_margin_0_important nd_options_color_white nd_options_color_white nd_options_second_font nd_options_letter_spacing_3 nd_options_font_weight_lighter\">\n                    LAKATOS SZERKEZETEK\n                  <\/h4>\n                <\/a>\n\n              <\/div>\n\n          <\/div>\n\n      <\/div>\n\n  <\/div>\n  <!--END FOCUS-->\n                \n\n   <div style=\"background-color:;height: 10px\" class=\"nicdark_section  \"><\/div>[\/vc_column][\/vc_row][vc_row full_width=&#8221;stretch_row_content&#8221; content_placement=&#8221;middle&#8221; css=&#8221;.vc_custom_1570528520926{margin-top: 20px !important;padding-right: 15px !important;padding-left: 15px !important;}&#8221;][vc_column width=&#8221;1\/3&#8243;]<div style=\"background-color:;height: 10px\" class=\"nicdark_section  \"><\/div>\n\n  <!--START FOCUS-->\n  <div class=\"nd_options_section nd_options_position_relative three_box \">\n                      \n      <img decoding=\"async\" alt=\"\" class=\"nd_options_section\" src=\"https:\/\/batepker.hu\/wp-content\/uploads\/2023\/06\/vlcsnap-2023-06-28-19h38m06s465-1024x576.png\">\n\n      <div class=\"nd_options_bg_greydark_alpha_gradient nd_options_position_absolute nd_options_left_0 nd_options_height_100_percentage nd_options_width_100_percentage nd_options_padding_30 nd_options_box_sizing_border_box\">\n          \n          <div class=\"nd_options_display_table nd_options_width_100_percentage nd_options_height_100_percentage nd_options_text_align_center\">\n          \n              <div class=\"nd_options_display_table_cell nd_options_vertical_align_bottom\">\n            \n                <a rel=\"\" title=\"B\u00e1dogos munk\u00e1k\" target=\"_self\" class=\"nd_options_color_white\" href=\"http:\/\/batepker.hu\/index.php\/badogos-munkak\/\">\n                  <h4 class=\"nd_options_margin_0_important nd_options_color_white nd_options_color_white nd_options_second_font nd_options_letter_spacing_3 nd_options_font_weight_lighter\">\n                    B\u00c1DOGOS MUNK\u00c1K\n                  <\/h4>\n                <\/a>\n\n              <\/div>\n\n          <\/div>\n\n      <\/div>\n\n  <\/div>\n  <!--END FOCUS-->\n                \n\n   <div style=\"background-color:;height: 10px\" class=\"nicdark_section  \"><\/div>[\/vc_column][vc_column width=&#8221;1\/3&#8243;]<div style=\"background-color:;height: 10px\" class=\"nicdark_section  \"><\/div>\n\n  <!--START FOCUS-->\n  <div class=\"nd_options_section nd_options_position_relative three_box \">\n                      \n      <img decoding=\"async\" alt=\"\" class=\"nd_options_section\" src=\"https:\/\/batepker.hu\/wp-content\/uploads\/2023\/06\/vlcsnap-2023-06-28-19h42m56s235-1024x576.png\">\n\n      <div class=\"nd_options_bg_greydark_alpha_gradient nd_options_position_absolute nd_options_left_0 nd_options_height_100_percentage nd_options_width_100_percentage nd_options_padding_30 nd_options_box_sizing_border_box\">\n          \n          <div class=\"nd_options_display_table nd_options_width_100_percentage nd_options_height_100_percentage nd_options_text_align_center\">\n          \n              <div class=\"nd_options_display_table_cell nd_options_vertical_align_bottom\">\n            \n                <a rel=\"\" title=\"Csarnok \u00e9p\u00edt\u00e9s\" target=\"_self\" class=\"nd_options_color_white\" href=\"http:\/\/batepker.hu\/index.php\/csarnok-epites\/\">\n                  <h4 class=\"nd_options_margin_0_important nd_options_color_white nd_options_color_white nd_options_second_font nd_options_letter_spacing_3 nd_options_font_weight_lighter\">\n                    CSARNOK \u00c9P\u00cdT\u00c9S\n                  <\/h4>\n                <\/a>\n\n              <\/div>\n\n          <\/div>\n\n      <\/div>\n\n  <\/div>\n  <!--END FOCUS-->\n                \n\n   <div style=\"background-color:;height: 10px\" class=\"nicdark_section  \"><\/div>[\/vc_column][vc_column width=&#8221;1\/3&#8243;]<div style=\"background-color:;height: 10px\" class=\"nicdark_section  \"><\/div>\n\n  <!--START FOCUS-->\n  <div class=\"nd_options_section nd_options_position_relative three_box \">\n                      \n      <img decoding=\"async\" alt=\"\" class=\"nd_options_section\" src=\"https:\/\/batepker.hu\/wp-content\/uploads\/2023\/06\/SPORTCSARNOK-1024x576.jpg\">\n\n      <div class=\"nd_options_bg_greydark_alpha_gradient nd_options_position_absolute nd_options_left_0 nd_options_height_100_percentage nd_options_width_100_percentage nd_options_padding_30 nd_options_box_sizing_border_box\">\n          \n          <div class=\"nd_options_display_table nd_options_width_100_percentage nd_options_height_100_percentage nd_options_text_align_center\">\n          \n              <div class=\"nd_options_display_table_cell nd_options_vertical_align_bottom\">\n            \n                <a rel=\"\" title=\"Sportcsarnok \u00f6tletek\" target=\"_self\" class=\"nd_options_color_white\" href=\"http:\/\/batepker.hu\/index.php\/sportcsarnok-otletek\/\">\n                  <h4 class=\"nd_options_margin_0_important nd_options_color_white nd_options_color_white nd_options_second_font nd_options_letter_spacing_3 nd_options_font_weight_lighter\">\n                    SPORTCSARNOK \u00d6TLETEK\n                  <\/h4>\n                <\/a>\n\n              <\/div>\n\n          <\/div>\n\n      <\/div>\n\n  <\/div>\n  <!--END FOCUS-->\n                \n\n   <div style=\"background-color:;height: 10px\" class=\"nicdark_section  \"><\/div>[\/vc_column][\/vc_row][vc_row][vc_column]<div style=\"background-color:;height: 50px\" class=\"nicdark_section  \"><\/div>[\/vc_column][\/vc_row]<\/p>\n","protected":false},"excerpt":{"rendered":"<p>[vc_row][vc_column][\/vc_column][\/vc_row][vc_row full_width=&#8221;stretch_row_content&#8221; content_placement=&#8221;middle&#8221; css=&#8221;.vc_custom_1570528520926{margin-top: 20px !important;padding-right: 15px !important;padding-left: 15px !important;}&#8221;][vc_column width=&#8221;1\/3&#8243;][\/vc_column][vc_column width=&#8221;1\/3&#8243;][\/vc_column][vc_column width=&#8221;1\/3&#8243;][\/vc_column][\/vc_row][vc_row full_width=&#8221;stretch_row_content&#8221; content_placement=&#8221;middle&#8221; css=&#8221;.vc_custom_1570528520926{margin-top: 20px !important;padding-right: 15px !important;padding-left: 15px !important;}&#8221;][vc_column width=&#8221;1\/3&#8243;][\/vc_column][vc_column width=&#8221;1\/3&#8243;][\/vc_column][vc_column width=&#8221;1\/3&#8243;][\/vc_column][\/vc_row][vc_row full_width=&#8221;stretch_row_content&#8221; content_placement=&#8221;middle&#8221; css=&#8221;.vc_custom_1570528520926{margin-top: 20px !important;padding-right: 15px !important;padding-left: 15px !important;}&#8221;][vc_column width=&#8221;1\/3&#8243;][\/vc_column][vc_column width=&#8221;1\/3&#8243;][\/vc_column][vc_column width=&#8221;1\/3&#8243;][\/vc_column][\/vc_row][vc_row full_width=&#8221;stretch_row_content&#8221; content_placement=&#8221;middle&#8221; css=&#8221;.vc_custom_1570528520926{margin-top: 20px !important;padding-right: 15px !important;padding-left: 15px !important;}&#8221;][vc_column width=&#8221;1\/3&#8243;][\/vc_column][vc_column width=&#8221;1\/3&#8243;][\/vc_column][vc_column width=&#8221;1\/3&#8243;][\/vc_column][\/vc_row][vc_row][vc_column][\/vc_column][\/vc_row]<\/p>\n","protected":false},"author":1,"featured_media":0,"parent":0,"menu_order":0,"comment_status":"closed","ping_status":"closed","template":"","meta":{"footnotes":""},"class_list":["post-1778","page","type-page","status-publish","hentry"],"_links":{"self":[{"href":"https:\/\/batepker.hu\/index.php\/wp-json\/wp\/v2\/pages\/1778"}],"collection":[{"href":"https:\/\/batepker.hu\/index.php\/wp-json\/wp\/v2\/pages"}],"about":[{"href":"https:\/\/batepker.hu\/index.php\/wp-json\/wp\/v2\/types\/page"}],"author":[{"embeddable":true,"href":"https:\/\/batepker.hu\/index.php\/wp-json\/wp\/v2\/users\/1"}],"replies":[{"embeddable":true,"href":"https:\/\/batepker.hu\/index.php\/wp-json\/wp\/v2\/comments?post=1778"}],"version-history":[{"count":7,"href":"https:\/\/batepker.hu\/index.php\/wp-json\/wp\/v2\/pages\/1778\/revisions"}],"predecessor-version":[{"id":2091,"href":"https:\/\/batepker.hu\/index.php\/wp-json\/wp\/v2\/pages\/1778\/revisions\/2091"}],"wp:attachment":[{"href":"https:\/\/batepker.hu\/index.php\/wp-json\/wp\/v2\/media?parent=1778"}],"curies":[{"name":"wp","href":"https:\/\/api.w.org\/{rel}","templated":true}]}}