{"id":1954,"date":"2023-07-05T10:24:52","date_gmt":"2023-07-05T08:24:52","guid":{"rendered":"http:\/\/batepker.hu\/?page_id=1954"},"modified":"2023-07-05T10:29:42","modified_gmt":"2023-07-05T08:29:42","slug":"epuletek-alapozasa","status":"publish","type":"page","link":"https:\/\/batepker.hu\/index.php\/epuletek-alapozasa\/","title":{"rendered":"\u00c9p\u00fcletek alapoz\u00e1sa"},"content":{"rendered":"<p>[vc_row][vc_column][nd_options_spacer nd_options_height=&#8221;100&#8243;][\/vc_column][\/vc_row][vc_row][vc_column][vc_masonry_media_grid element_width=&#8221;3&#8243; grid_id=&#8221;vc_gid:1688545750519-1e2d89cd-7e14-4&#8243; include=&#8221;1955,1956,1957,1958,1959,1960,1961,1962&#8243;][nd_options_spacer nd_options_height=&#8221;25&#8243;][nd_options_text nd_options_text=&#8221;A f\u0151 tev\u00e9kenys\u00e9g mellett c\u00e9g\u00fcnk sz\u00fcks\u00e9g eset\u00e9n v\u00e1llalja csarnokszerkezetek \u00fczem\u00e9p\u00fcletek el\u0151k\u00e9sz\u00edt\u0151 f\u00f6ldmunk\u00e1j\u00e1t, alapoz\u00e1s\u00e1t s\u00e1v-, pill\u00e9r-, \u00e9s s\u00edkalapok eset\u00e9n. Az alapoz\u00e1si munk\u00e1latokat szakk\u00e9pzet dolgoz\u00f3inkkal v\u00e9gezz\u00fck, nagyobb szerkezetet eset\u00e9ben alv\u00e1llalkoz\u00f3 seg\u00edts\u00e9g\u00e9vel. Alapoz\u00e1shoz sz\u00fcks\u00e9ges g\u00e9pek, berendez\u00e9sek mindegyik\u00e9vel rendelkez\u00fcnk.&#8221;][nd_options_spacer nd_options_height=&#8221;25&#8243;][\/vc_column][\/vc_row]<\/p>\n","protected":false},"excerpt":{"rendered":"<p>[vc_row][vc_column][nd_options_spacer nd_options_height=&#8221;100&#8243;][\/vc_column][\/vc_row][vc_row][vc_column][vc_masonry_media_grid element_width=&#8221;3&#8243; grid_id=&#8221;vc_gid:1688545750519-1e2d89cd-7e14-4&#8243; include=&#8221;1955,1956,1957,1958,1959,1960,1961,1962&#8243;][nd_options_spacer nd_options_height=&#8221;25&#8243;][nd_options_text nd_options_text=&#8221;A f\u0151 tev\u00e9kenys\u00e9g mellett c\u00e9g\u00fcnk sz\u00fcks\u00e9g eset\u00e9n v\u00e1llalja csarnokszerkezetek \u00fczem\u00e9p\u00fcletek el\u0151k\u00e9sz\u00edt\u0151 f\u00f6ldmunk\u00e1j\u00e1t, alapoz\u00e1s\u00e1t s\u00e1v-, pill\u00e9r-, \u00e9s s\u00edkalapok eset\u00e9n. Az alapoz\u00e1si munk\u00e1latokat szakk\u00e9pzet dolgoz\u00f3inkkal v\u00e9gezz\u00fck, nagyobb szerkezetet eset\u00e9ben alv\u00e1llalkoz\u00f3 seg\u00edts\u00e9g\u00e9vel. Alapoz\u00e1shoz sz\u00fcks\u00e9ges g\u00e9pek, berendez\u00e9sek mindegyik\u00e9vel rendelkez\u00fcnk.&#8221;][nd_options_spacer nd_options_height=&#8221;25&#8243;][\/vc_column][\/vc_row]<\/p>\n","protected":false},"author":1,"featured_media":0,"parent":0,"menu_order":0,"comment_status":"closed","ping_status":"closed","template":"","meta":{"footnotes":""},"class_list":["post-1954","page","type-page","status-publish","hentry"],"_links":{"self":[{"href":"https:\/\/batepker.hu\/index.php\/wp-json\/wp\/v2\/pages\/1954"}],"collection":[{"href":"https:\/\/batepker.hu\/index.php\/wp-json\/wp\/v2\/pages"}],"about":[{"href":"https:\/\/batepker.hu\/index.php\/wp-json\/wp\/v2\/types\/page"}],"author":[{"embeddable":true,"href":"https:\/\/batepker.hu\/index.php\/wp-json\/wp\/v2\/users\/1"}],"replies":[{"embeddable":true,"href":"https:\/\/batepker.hu\/index.php\/wp-json\/wp\/v2\/comments?post=1954"}],"version-history":[{"count":8,"href":"https:\/\/batepker.hu\/index.php\/wp-json\/wp\/v2\/pages\/1954\/revisions"}],"predecessor-version":[{"id":1970,"href":"https:\/\/batepker.hu\/index.php\/wp-json\/wp\/v2\/pages\/1954\/revisions\/1970"}],"wp:attachment":[{"href":"https:\/\/batepker.hu\/index.php\/wp-json\/wp\/v2\/media?parent=1954"}],"curies":[{"name":"wp","href":"https:\/\/api.w.org\/{rel}","templated":true}]}}