{"id":1971,"date":"2023-07-05T10:33:49","date_gmt":"2023-07-05T08:33:49","guid":{"rendered":"http:\/\/batepker.hu\/?page_id=1971"},"modified":"2023-07-05T10:33:49","modified_gmt":"2023-07-05T08:33:49","slug":"vasbeton-szerkezetek","status":"publish","type":"page","link":"https:\/\/batepker.hu\/index.php\/vasbeton-szerkezetek\/","title":{"rendered":"Vasbeton szerkezetek"},"content":{"rendered":"<p>[vc_row][vc_column]<div style=\"background-color:;height: 100px\" class=\"nicdark_section  \"><\/div>[\/vc_column][\/vc_row][vc_row][vc_column][vc_masonry_media_grid element_width=&#8221;3&#8243; grid_id=&#8221;vc_gid:1688545809730-df8fbe4d-d361-1&#8243; include=&#8221;1972,1973,1974,1975,1976,1977&#8243;]<div style=\"background-color:;height: 25px\" class=\"nicdark_section  \"><\/div> M\u00e1sik tev\u00e9kenys\u00e9g\u00fcnk, amely sz\u00fcks\u00e9ges, ahhoz, hogy kompletten tudjunk v\u00e1llalkozni gabonat\u00e1rol\u00f3k \u00e9p\u00edt\u00e9s\u00e9n\u00e9l vasbeton t\u00e1mfalrendszer k\u00e9sz\u00edt\u00e9se, sz\u00e1r\u00edt\u00f3k alapoz\u00e1sa, tiszt\u00edt\u00f3h\u00e1zak \u00e9p\u00edt\u00e9se. Ebben nagy seg\u00edts\u00e9g\u00fcnkre van Magyar Doka Zsalutechnika Kft. melynek f\u00e9mzsalus rendszer\u00e9vel k\u00e9sz\u00edtj\u00fck ezen t\u00e1rol\u00f3k falait. <div style=\"background-color:;height: 25px\" class=\"nicdark_section  \"><\/div>[\/vc_column][\/vc_row]<\/p>\n","protected":false},"excerpt":{"rendered":"<p>[vc_row][vc_column][\/vc_column][\/vc_row][vc_row][vc_column][vc_masonry_media_grid element_width=&#8221;3&#8243; grid_id=&#8221;vc_gid:1688545809730-df8fbe4d-d361-1&#8243; include=&#8221;1972,1973,1974,1975,1976,1977&#8243;][\/vc_column][\/vc_row]<\/p>\n","protected":false},"author":1,"featured_media":0,"parent":0,"menu_order":0,"comment_status":"closed","ping_status":"closed","template":"","meta":{"footnotes":""},"class_list":["post-1971","page","type-page","status-publish","hentry"],"_links":{"self":[{"href":"https:\/\/batepker.hu\/index.php\/wp-json\/wp\/v2\/pages\/1971"}],"collection":[{"href":"https:\/\/batepker.hu\/index.php\/wp-json\/wp\/v2\/pages"}],"about":[{"href":"https:\/\/batepker.hu\/index.php\/wp-json\/wp\/v2\/types\/page"}],"author":[{"embeddable":true,"href":"https:\/\/batepker.hu\/index.php\/wp-json\/wp\/v2\/users\/1"}],"replies":[{"embeddable":true,"href":"https:\/\/batepker.hu\/index.php\/wp-json\/wp\/v2\/comments?post=1971"}],"version-history":[{"count":1,"href":"https:\/\/batepker.hu\/index.php\/wp-json\/wp\/v2\/pages\/1971\/revisions"}],"predecessor-version":[{"id":1978,"href":"https:\/\/batepker.hu\/index.php\/wp-json\/wp\/v2\/pages\/1971\/revisions\/1978"}],"wp:attachment":[{"href":"https:\/\/batepker.hu\/index.php\/wp-json\/wp\/v2\/media?parent=1971"}],"curies":[{"name":"wp","href":"https:\/\/api.w.org\/{rel}","templated":true}]}}