{"id":1979,"date":"2023-07-05T10:36:43","date_gmt":"2023-07-05T08:36:43","guid":{"rendered":"http:\/\/batepker.hu\/?page_id=1979"},"modified":"2023-07-05T10:36:43","modified_gmt":"2023-07-05T08:36:43","slug":"acelszerkezet_szereles","status":"publish","type":"page","link":"https:\/\/batepker.hu\/index.php\/acelszerkezet_szereles\/","title":{"rendered":"Ac\u00e9lszerkezet szerel\u00e9s"},"content":{"rendered":"<p>[vc_row][vc_column]<div style=\"background-color:;height: 100px\" class=\"nicdark_section  \"><\/div>[\/vc_column][\/vc_row][vc_row][vc_column][vc_masonry_media_grid element_width=&#8221;3&#8243; grid_id=&#8221;vc_gid:1688546045873-cd0a6bf2-027e-3&#8243; include=&#8221;1980,1981,1982,1983,1984,1985,1986&#8243;]<div style=\"background-color:;height: 25px\" class=\"nicdark_section  \"><\/div> A f\u0151 tev\u00e9kenys\u00e9g egyik r\u00e9sze. Mindenfajta ac\u00e9lszerkezet, lehet az csarnok, tet\u0151szerkezet, torony, rekl\u00e1mt\u00e1bla, el\u0151tet\u0151, burkolat fogad\u00f3 szerkezet, stb. Ezekhez a munk\u00e1khoz 16, 25, \u00e9s 55 tonna teherb\u00edr\u00e1s\u00fa darut, szerel\u00e9shez csukl\u00f3s-\u00f3llos emel\u0151t, kosaras kocsit tudunk biztos\u00edtani. <div style=\"background-color:;height: 25px\" class=\"nicdark_section  \"><\/div>[\/vc_column][\/vc_row]<\/p>\n","protected":false},"excerpt":{"rendered":"<p>[vc_row][vc_column][\/vc_column][\/vc_row][vc_row][vc_column][vc_masonry_media_grid element_width=&#8221;3&#8243; grid_id=&#8221;vc_gid:1688546045873-cd0a6bf2-027e-3&#8243; include=&#8221;1980,1981,1982,1983,1984,1985,1986&#8243;][\/vc_column][\/vc_row]<\/p>\n","protected":false},"author":1,"featured_media":0,"parent":0,"menu_order":0,"comment_status":"closed","ping_status":"closed","template":"","meta":{"footnotes":""},"class_list":["post-1979","page","type-page","status-publish","hentry"],"_links":{"self":[{"href":"https:\/\/batepker.hu\/index.php\/wp-json\/wp\/v2\/pages\/1979"}],"collection":[{"href":"https:\/\/batepker.hu\/index.php\/wp-json\/wp\/v2\/pages"}],"about":[{"href":"https:\/\/batepker.hu\/index.php\/wp-json\/wp\/v2\/types\/page"}],"author":[{"embeddable":true,"href":"https:\/\/batepker.hu\/index.php\/wp-json\/wp\/v2\/users\/1"}],"replies":[{"embeddable":true,"href":"https:\/\/batepker.hu\/index.php\/wp-json\/wp\/v2\/comments?post=1979"}],"version-history":[{"count":1,"href":"https:\/\/batepker.hu\/index.php\/wp-json\/wp\/v2\/pages\/1979\/revisions"}],"predecessor-version":[{"id":1987,"href":"https:\/\/batepker.hu\/index.php\/wp-json\/wp\/v2\/pages\/1979\/revisions\/1987"}],"wp:attachment":[{"href":"https:\/\/batepker.hu\/index.php\/wp-json\/wp\/v2\/media?parent=1979"}],"curies":[{"name":"wp","href":"https:\/\/api.w.org\/{rel}","templated":true}]}}