{"id":1996,"date":"2023-07-05T10:41:13","date_gmt":"2023-07-05T08:41:13","guid":{"rendered":"http:\/\/batepker.hu\/?page_id=1996"},"modified":"2023-07-05T10:41:13","modified_gmt":"2023-07-05T08:41:13","slug":"szegelyezesek","status":"publish","type":"page","link":"https:\/\/batepker.hu\/index.php\/szegelyezesek\/","title":{"rendered":"Szeg\u00e9lyez\u00e9sek"},"content":{"rendered":"<p>[vc_row][vc_column]<div style=\"background-color:;height: 100px\" class=\"nicdark_section  \"><\/div>[\/vc_column][\/vc_row][vc_row][vc_column][vc_masonry_media_grid element_width=&#8221;3&#8243; grid_id=&#8221;vc_gid:1688546388498-8a7f866e-a05a-8&#8243; include=&#8221;1997,1998,1999,2000,2001,2002&#8243;]<div style=\"background-color:;height: 25px\" class=\"nicdark_section  \"><\/div> A burkolati rendszerek csom\u00f3ponti kialak\u00edt\u00e1sakor sz\u00fcks\u00e9g van az \u00fagynevezett \u00e9lhajl\u00edtott elemek be\u00e9p\u00edt\u00e9sre is. Koll\u00e9g\u00e1ink helysz\u00edni felm\u00e9r\u00e9s ut\u00e1n t\u00e1bl\u00e1s s\u00edklemezb\u0151l el\u0151regy\u00e1rt\u00f3 m\u0171hely\u00fcnkben 3 m\u00e9ter hossz\u00fas\u00e1gig \u00e9s 0,7 mm lemezvastags\u00e1gig legy\u00e1rtj\u00e1k \u00e9s elhelyezik. <div style=\"background-color:;height: 25px\" class=\"nicdark_section  \"><\/div>[\/vc_column][\/vc_row]<\/p>\n","protected":false},"excerpt":{"rendered":"<p>[vc_row][vc_column][\/vc_column][\/vc_row][vc_row][vc_column][vc_masonry_media_grid element_width=&#8221;3&#8243; grid_id=&#8221;vc_gid:1688546388498-8a7f866e-a05a-8&#8243; include=&#8221;1997,1998,1999,2000,2001,2002&#8243;][\/vc_column][\/vc_row]<\/p>\n","protected":false},"author":1,"featured_media":0,"parent":0,"menu_order":0,"comment_status":"closed","ping_status":"closed","template":"","meta":{"footnotes":""},"class_list":["post-1996","page","type-page","status-publish","hentry"],"_links":{"self":[{"href":"https:\/\/batepker.hu\/index.php\/wp-json\/wp\/v2\/pages\/1996"}],"collection":[{"href":"https:\/\/batepker.hu\/index.php\/wp-json\/wp\/v2\/pages"}],"about":[{"href":"https:\/\/batepker.hu\/index.php\/wp-json\/wp\/v2\/types\/page"}],"author":[{"embeddable":true,"href":"https:\/\/batepker.hu\/index.php\/wp-json\/wp\/v2\/users\/1"}],"replies":[{"embeddable":true,"href":"https:\/\/batepker.hu\/index.php\/wp-json\/wp\/v2\/comments?post=1996"}],"version-history":[{"count":1,"href":"https:\/\/batepker.hu\/index.php\/wp-json\/wp\/v2\/pages\/1996\/revisions"}],"predecessor-version":[{"id":2003,"href":"https:\/\/batepker.hu\/index.php\/wp-json\/wp\/v2\/pages\/1996\/revisions\/2003"}],"wp:attachment":[{"href":"https:\/\/batepker.hu\/index.php\/wp-json\/wp\/v2\/media?parent=1996"}],"curies":[{"name":"wp","href":"https:\/\/api.w.org\/{rel}","templated":true}]}}