{"id":2004,"date":"2023-07-05T10:43:49","date_gmt":"2023-07-05T08:43:49","guid":{"rendered":"http:\/\/batepker.hu\/?page_id=2004"},"modified":"2023-07-05T10:43:49","modified_gmt":"2023-07-05T08:43:49","slug":"gepi-foldmunkak","status":"publish","type":"page","link":"https:\/\/batepker.hu\/index.php\/gepi-foldmunkak\/","title":{"rendered":"G\u00e9pi f\u00f6ldmunk\u00e1k"},"content":{"rendered":"<p>[vc_row][vc_column]<div style=\"background-color:;height: 100px\" class=\"nicdark_section  \"><\/div>[\/vc_column][\/vc_row][vc_row][vc_column][vc_masonry_media_grid element_width=&#8221;3&#8243; grid_id=&#8221;vc_gid:1688546487217-ae1b9efb-8b5c-9&#8243; include=&#8221;2005,2006,2007,2008,2009,2010&#8243;]<div style=\"background-color:;height: 25px\" class=\"nicdark_section  \"><\/div> El\u0151k\u00e9sz\u00edt\u0151 f\u00f6ldmunk\u00e1kat nem csak saj\u00e1t kivitelez\u00e9seinkn\u00e9l v\u00e1llaljuk, hanem lehet\u0151s\u00e9g szerint f\u00f6ldmunkag\u00e9p\u00fcnk kedvez\u0151 d\u00edjak mellett b\u00e9rbe is vehet\u0151. <div style=\"background-color:;height: 25px\" class=\"nicdark_section  \"><\/div>[\/vc_column][\/vc_row]<\/p>\n","protected":false},"excerpt":{"rendered":"<p>[vc_row][vc_column][\/vc_column][\/vc_row][vc_row][vc_column][vc_masonry_media_grid element_width=&#8221;3&#8243; grid_id=&#8221;vc_gid:1688546487217-ae1b9efb-8b5c-9&#8243; include=&#8221;2005,2006,2007,2008,2009,2010&#8243;][\/vc_column][\/vc_row]<\/p>\n","protected":false},"author":1,"featured_media":0,"parent":0,"menu_order":0,"comment_status":"closed","ping_status":"closed","template":"","meta":{"footnotes":""},"class_list":["post-2004","page","type-page","status-publish","hentry"],"_links":{"self":[{"href":"https:\/\/batepker.hu\/index.php\/wp-json\/wp\/v2\/pages\/2004"}],"collection":[{"href":"https:\/\/batepker.hu\/index.php\/wp-json\/wp\/v2\/pages"}],"about":[{"href":"https:\/\/batepker.hu\/index.php\/wp-json\/wp\/v2\/types\/page"}],"author":[{"embeddable":true,"href":"https:\/\/batepker.hu\/index.php\/wp-json\/wp\/v2\/users\/1"}],"replies":[{"embeddable":true,"href":"https:\/\/batepker.hu\/index.php\/wp-json\/wp\/v2\/comments?post=2004"}],"version-history":[{"count":1,"href":"https:\/\/batepker.hu\/index.php\/wp-json\/wp\/v2\/pages\/2004\/revisions"}],"predecessor-version":[{"id":2011,"href":"https:\/\/batepker.hu\/index.php\/wp-json\/wp\/v2\/pages\/2004\/revisions\/2011"}],"wp:attachment":[{"href":"https:\/\/batepker.hu\/index.php\/wp-json\/wp\/v2\/media?parent=2004"}],"curies":[{"name":"wp","href":"https:\/\/api.w.org\/{rel}","templated":true}]}}