{"id":2012,"date":"2023-07-05T10:48:32","date_gmt":"2023-07-05T08:48:32","guid":{"rendered":"http:\/\/batepker.hu\/?page_id=2012"},"modified":"2023-07-05T10:52:47","modified_gmt":"2023-07-05T08:52:47","slug":"daruzasi-munkak","status":"publish","type":"page","link":"https:\/\/batepker.hu\/index.php\/daruzasi-munkak\/","title":{"rendered":"Daruz\u00e1si munk\u00e1k"},"content":{"rendered":"<p>[vc_row][vc_column]<div style=\"background-color:;height: 100px\" class=\"nicdark_section  \"><\/div>[\/vc_column][\/vc_row][vc_row][vc_column][vc_masonry_media_grid element_width=&#8221;3&#8243; grid_id=&#8221;vc_gid:1688547119665-80b2b33e-a277-4&#8243; include=&#8221;2016,2017,2018,2019,2020,2021&#8243;]<div style=\"background-color:;height: 25px\" class=\"nicdark_section  \"><\/div> V\u00e1llalkoz\u00e1sunk 2010 \u00e9vben v\u00e1s\u00e1rolt egy MITSUBISHI KATO NK-160 t\u00edpus\u00fa 16,0 tonna teherb\u00edr\u00e1s\u00fa aut\u00f3darut. A beszerz\u00e9s f\u0151 c\u00e9lja az volt, hogy saj\u00e1t munk\u00e1inkat szolg\u00e1lja, de lehet\u0151s\u00e9g szerint b\u00e9rmunk\u00e1t is tud v\u00e1llalni. R\u00e9szletes m\u0171szaki param\u00e9terek: <div style=\"background-color:;height: 25px\" class=\"nicdark_section  \"><\/div>\n\t<div class=\"nd_options_section nd_options_text_align_center\">\n\t<a style=\"border: px solid #1e73be;border-radius:px;letter-spacing:px;line-height:px;font-size:px;background-color:;padding:5px;margin:5px;color:\" rel=\"\" target=\"_blank\" href=\"http:\/\/batepker.hu\/wp-content\/uploads\/2023\/07\/Daru-reszletes-muszaki-parameterek.pdf\" class=\"nicdark_display_inline_block  nd_options_font_weight_normal nd_options_first_font  \">PDF dokumentum<\/a>\n\t<\/div>\n[\/vc_column][\/vc_row]<\/p>\n","protected":false},"excerpt":{"rendered":"<p>[vc_row][vc_column][\/vc_column][\/vc_row][vc_row][vc_column][vc_masonry_media_grid element_width=&#8221;3&#8243; grid_id=&#8221;vc_gid:1688547119665-80b2b33e-a277-4&#8243; include=&#8221;2016,2017,2018,2019,2020,2021&#8243;][\/vc_column][\/vc_row]<\/p>\n","protected":false},"author":1,"featured_media":0,"parent":0,"menu_order":0,"comment_status":"closed","ping_status":"closed","template":"","meta":{"footnotes":""},"class_list":["post-2012","page","type-page","status-publish","hentry"],"_links":{"self":[{"href":"https:\/\/batepker.hu\/index.php\/wp-json\/wp\/v2\/pages\/2012"}],"collection":[{"href":"https:\/\/batepker.hu\/index.php\/wp-json\/wp\/v2\/pages"}],"about":[{"href":"https:\/\/batepker.hu\/index.php\/wp-json\/wp\/v2\/types\/page"}],"author":[{"embeddable":true,"href":"https:\/\/batepker.hu\/index.php\/wp-json\/wp\/v2\/users\/1"}],"replies":[{"embeddable":true,"href":"https:\/\/batepker.hu\/index.php\/wp-json\/wp\/v2\/comments?post=2012"}],"version-history":[{"count":8,"href":"https:\/\/batepker.hu\/index.php\/wp-json\/wp\/v2\/pages\/2012\/revisions"}],"predecessor-version":[{"id":2028,"href":"https:\/\/batepker.hu\/index.php\/wp-json\/wp\/v2\/pages\/2012\/revisions\/2028"}],"wp:attachment":[{"href":"https:\/\/batepker.hu\/index.php\/wp-json\/wp\/v2\/media?parent=2012"}],"curies":[{"name":"wp","href":"https:\/\/api.w.org\/{rel}","templated":true}]}}