{"id":2036,"date":"2023-07-05T10:56:23","date_gmt":"2023-07-05T08:56:23","guid":{"rendered":"http:\/\/batepker.hu\/?page_id=2036"},"modified":"2023-07-05T10:56:23","modified_gmt":"2023-07-05T08:56:23","slug":"acelszerkezetek-gyartasa","status":"publish","type":"page","link":"https:\/\/batepker.hu\/index.php\/acelszerkezetek-gyartasa\/","title":{"rendered":"Ac\u00e9lszerkezetek gy\u00e1rt\u00e1sa"},"content":{"rendered":"<p>[vc_row][vc_column]<div style=\"background-color:;height: 100px\" class=\"nicdark_section  \"><\/div>[\/vc_column][\/vc_row][vc_row][vc_column][vc_masonry_media_grid element_width=&#8221;3&#8243; grid_id=&#8221;vc_gid:1688547304863-046f7c35-2359-2&#8243; include=&#8221;2037,2038,2039,2040,2041,2042&#8243;]<div style=\"background-color:;height: 25px\" class=\"nicdark_section  \"><\/div> 2012. november\u00e9ben \u00e1tadott daruzott m\u0171hely\u00fcnk \u00e9s a hozz\u00e1 kapcsol\u00f3d\u00f3 nyitott sz\u00edn, majd a 2015 \u00e9vben kivitelezett, szint\u00e9n daruzhat\u00f3 alap-, \u00e9s k\u00e9sz\u00e1r\u00fa rakt\u00e1r lehet\u0151s\u00e9get biztos\u00edt arra, hogy csarnok\u00e9p\u00edt\u00e9si munk\u00e1inkhoz \u2013 a Megrendel\u0151i ig\u00e9nyeknek megfelel\u0151en \u2013 a gy\u00e1rt\u00e1si munk\u00e1kat is magunk v\u00e9gezz\u00fck. <div style=\"background-color:;height: 25px\" class=\"nicdark_section  \"><\/div>[\/vc_column][\/vc_row]<\/p>\n","protected":false},"excerpt":{"rendered":"<p>[vc_row][vc_column][\/vc_column][\/vc_row][vc_row][vc_column][vc_masonry_media_grid element_width=&#8221;3&#8243; grid_id=&#8221;vc_gid:1688547304863-046f7c35-2359-2&#8243; include=&#8221;2037,2038,2039,2040,2041,2042&#8243;][\/vc_column][\/vc_row]<\/p>\n","protected":false},"author":1,"featured_media":0,"parent":0,"menu_order":0,"comment_status":"closed","ping_status":"closed","template":"","meta":{"footnotes":""},"class_list":["post-2036","page","type-page","status-publish","hentry"],"_links":{"self":[{"href":"https:\/\/batepker.hu\/index.php\/wp-json\/wp\/v2\/pages\/2036"}],"collection":[{"href":"https:\/\/batepker.hu\/index.php\/wp-json\/wp\/v2\/pages"}],"about":[{"href":"https:\/\/batepker.hu\/index.php\/wp-json\/wp\/v2\/types\/page"}],"author":[{"embeddable":true,"href":"https:\/\/batepker.hu\/index.php\/wp-json\/wp\/v2\/users\/1"}],"replies":[{"embeddable":true,"href":"https:\/\/batepker.hu\/index.php\/wp-json\/wp\/v2\/comments?post=2036"}],"version-history":[{"count":1,"href":"https:\/\/batepker.hu\/index.php\/wp-json\/wp\/v2\/pages\/2036\/revisions"}],"predecessor-version":[{"id":2043,"href":"https:\/\/batepker.hu\/index.php\/wp-json\/wp\/v2\/pages\/2036\/revisions\/2043"}],"wp:attachment":[{"href":"https:\/\/batepker.hu\/index.php\/wp-json\/wp\/v2\/media?parent=2036"}],"curies":[{"name":"wp","href":"https:\/\/api.w.org\/{rel}","templated":true}]}}