{"id":2044,"date":"2023-07-05T11:03:01","date_gmt":"2023-07-05T09:03:01","guid":{"rendered":"http:\/\/batepker.hu\/?page_id=2044"},"modified":"2023-07-05T11:03:01","modified_gmt":"2023-07-05T09:03:01","slug":"lakatos-szerkezetek","status":"publish","type":"page","link":"https:\/\/batepker.hu\/index.php\/lakatos-szerkezetek\/","title":{"rendered":"Lakatos szerkezetek"},"content":{"rendered":"<p>[vc_row][vc_column]<div style=\"background-color:;height: 100px\" class=\"nicdark_section  \"><\/div>[\/vc_column][\/vc_row][vc_row][vc_column][vc_masonry_media_grid element_width=&#8221;3&#8243; grid_id=&#8221;vc_gid:1688547425182-050ed546-43ba-6&#8243; include=&#8221;2045,2046,2047,2048,2049,2050&#8243;]<div style=\"background-color:;height: 25px\" class=\"nicdark_section  \"><\/div> Ac\u00e9lszerkezet gy\u00e1rt\u00f3 \u00fczem\u00fcnk felszerelts\u00e9ge nem csak a neh\u00e9z tart\u00f3szerkezetek elk\u00e9sz\u00edt\u00e9s\u00e9re alkalmas, hanem kisebb ``finomabb`` szerkezeti elemeket is le tudunk gy\u00e1rtani. \u00cdgy gy\u00e1rtottunk m\u00e1r korl\u00e1tokat, l\u00e9pcs\u0151t, terasz szerkezetet \u00e9s kapukat is. <div style=\"background-color:;height: 25px\" class=\"nicdark_section  \"><\/div>[\/vc_column][\/vc_row]<\/p>\n","protected":false},"excerpt":{"rendered":"<p>[vc_row][vc_column][\/vc_column][\/vc_row][vc_row][vc_column][vc_masonry_media_grid element_width=&#8221;3&#8243; grid_id=&#8221;vc_gid:1688547425182-050ed546-43ba-6&#8243; include=&#8221;2045,2046,2047,2048,2049,2050&#8243;][\/vc_column][\/vc_row]<\/p>\n","protected":false},"author":1,"featured_media":0,"parent":0,"menu_order":0,"comment_status":"closed","ping_status":"closed","template":"","meta":{"footnotes":""},"class_list":["post-2044","page","type-page","status-publish","hentry"],"_links":{"self":[{"href":"https:\/\/batepker.hu\/index.php\/wp-json\/wp\/v2\/pages\/2044"}],"collection":[{"href":"https:\/\/batepker.hu\/index.php\/wp-json\/wp\/v2\/pages"}],"about":[{"href":"https:\/\/batepker.hu\/index.php\/wp-json\/wp\/v2\/types\/page"}],"author":[{"embeddable":true,"href":"https:\/\/batepker.hu\/index.php\/wp-json\/wp\/v2\/users\/1"}],"replies":[{"embeddable":true,"href":"https:\/\/batepker.hu\/index.php\/wp-json\/wp\/v2\/comments?post=2044"}],"version-history":[{"count":1,"href":"https:\/\/batepker.hu\/index.php\/wp-json\/wp\/v2\/pages\/2044\/revisions"}],"predecessor-version":[{"id":2051,"href":"https:\/\/batepker.hu\/index.php\/wp-json\/wp\/v2\/pages\/2044\/revisions\/2051"}],"wp:attachment":[{"href":"https:\/\/batepker.hu\/index.php\/wp-json\/wp\/v2\/media?parent=2044"}],"curies":[{"name":"wp","href":"https:\/\/api.w.org\/{rel}","templated":true}]}}