{"id":2052,"date":"2023-07-05T11:04:47","date_gmt":"2023-07-05T09:04:47","guid":{"rendered":"http:\/\/batepker.hu\/?page_id=2052"},"modified":"2023-07-05T11:04:47","modified_gmt":"2023-07-05T09:04:47","slug":"badogos-munkak","status":"publish","type":"page","link":"https:\/\/batepker.hu\/index.php\/badogos-munkak\/","title":{"rendered":"B\u00e1dogos munk\u00e1k"},"content":{"rendered":"<p>[vc_row][vc_column]<div style=\"background-color:;height: 100px\" class=\"nicdark_section  \"><\/div>[\/vc_column][\/vc_row][vc_row][vc_column][vc_masonry_media_grid element_width=&#8221;3&#8243; grid_id=&#8221;vc_gid:1688547809420-4cd514b6-96e2-6&#8243; include=&#8221;2053,2054,2055,2056,2057,2058&#8243;]<div style=\"background-color:;height: 25px\" class=\"nicdark_section  \"><\/div> Mivel a csarnok\u00e9p\u00edt\u00e9si munk\u00e1khoz szervesen kapcsol\u00f3dnak a b\u00e1dogos szerkezetek, \u00edgy v\u00e1llalkoz\u00e1sunk is rendelkezik ezen munk\u00e1k elv\u00e9gz\u00e9s\u00e9hez sz\u00fcks\u00e9ges eszk\u00f6z\u00f6kkel, berendez\u00e9sekkel \u00e9s \u00e9vtizedes tapasztalatokkal rendelkez\u0151 szakemberekkel. <div style=\"background-color:;height: 25px\" class=\"nicdark_section  \"><\/div>[\/vc_column][\/vc_row]<\/p>\n","protected":false},"excerpt":{"rendered":"<p>[vc_row][vc_column][\/vc_column][\/vc_row][vc_row][vc_column][vc_masonry_media_grid element_width=&#8221;3&#8243; grid_id=&#8221;vc_gid:1688547809420-4cd514b6-96e2-6&#8243; include=&#8221;2053,2054,2055,2056,2057,2058&#8243;][\/vc_column][\/vc_row]<\/p>\n","protected":false},"author":1,"featured_media":0,"parent":0,"menu_order":0,"comment_status":"closed","ping_status":"closed","template":"","meta":{"footnotes":""},"class_list":["post-2052","page","type-page","status-publish","hentry"],"_links":{"self":[{"href":"https:\/\/batepker.hu\/index.php\/wp-json\/wp\/v2\/pages\/2052"}],"collection":[{"href":"https:\/\/batepker.hu\/index.php\/wp-json\/wp\/v2\/pages"}],"about":[{"href":"https:\/\/batepker.hu\/index.php\/wp-json\/wp\/v2\/types\/page"}],"author":[{"embeddable":true,"href":"https:\/\/batepker.hu\/index.php\/wp-json\/wp\/v2\/users\/1"}],"replies":[{"embeddable":true,"href":"https:\/\/batepker.hu\/index.php\/wp-json\/wp\/v2\/comments?post=2052"}],"version-history":[{"count":1,"href":"https:\/\/batepker.hu\/index.php\/wp-json\/wp\/v2\/pages\/2052\/revisions"}],"predecessor-version":[{"id":2059,"href":"https:\/\/batepker.hu\/index.php\/wp-json\/wp\/v2\/pages\/2052\/revisions\/2059"}],"wp:attachment":[{"href":"https:\/\/batepker.hu\/index.php\/wp-json\/wp\/v2\/media?parent=2052"}],"curies":[{"name":"wp","href":"https:\/\/api.w.org\/{rel}","templated":true}]}}