{"id":2068,"date":"2023-07-05T11:10:43","date_gmt":"2023-07-05T09:10:43","guid":{"rendered":"http:\/\/batepker.hu\/?page_id=2068"},"modified":"2023-07-05T11:10:43","modified_gmt":"2023-07-05T09:10:43","slug":"csarnok-epites","status":"publish","type":"page","link":"https:\/\/batepker.hu\/index.php\/csarnok-epites\/","title":{"rendered":"Csarnok \u00e9p\u00edt\u00e9s"},"content":{"rendered":"<p>[vc_row][vc_column]<div style=\"background-color:;height: 100px\" class=\"nicdark_section  \"><\/div>[\/vc_column][\/vc_row][vc_row][vc_column][vc_masonry_media_grid element_width=&#8221;3&#8243; grid_id=&#8221;vc_gid:1688548027759-530d75a5-9a7d-6&#8243; include=&#8221;2069,2070,2071,2072,2073,2074,2075,2076,2077,2078,2079,2080,2081,2082&#8243;]<div style=\"background-color:;height: 25px\" class=\"nicdark_section  \"><\/div> Ipari \u00e9p\u00fcletek, csarnokok \u00e9p\u00edt\u00e9se \u00dczemcsarnok, m\u0171hely vagy rakt\u00e1r? \u00c9s mindez ak\u00e1r k\u00e9t szintes irod\u00e1val kombin\u00e1lva? Ipari \u00e9p\u00fcleteink minden ig\u00e9nyt kiel\u00e9g\u00edtenek, \u00e9s k\u00fcl\u00f6nb\u00f6z\u0151 m\u00e9retekben, sz\u00e1mos k\u00fcl\u00f6nf\u00e9le megjelen\u00e9si form\u00e1ban gy\u00e1rtjuk \u00e9s sz\u00e1ll\u00edtjuk csarnokainkat. <div style=\"background-color:;height: 10px\" class=\"nicdark_section  \"><\/div> Ipari \u00e9p\u00fcletek, csarnokMez\u0151gazdas\u00e1gi \u00e9p\u00fcletek \u00e9p\u00edt\u00e9se T\u00e1gas \u00e9s praktikus mez\u0151gazdas\u00e1gi \u00e9p\u00fcletet, ist\u00e1ll\u00f3t, gabonat\u00e1rol\u00f3t szeretne? Teljes eg\u00e9sz\u00e9ben t\u0171zihorganyzott, el\u0151regy\u00e1rtott ac\u00e9lcsarnokaink nagyon gyorsan fel\u00e9p\u00edthet\u0151ek \u00e9s hossz\u00fa \u00e9lettartamot garant\u00e1lnak.ok \u00e9p\u00edt\u00e9se \u00dczemcsarnok, m\u0171hely vagy rakt\u00e1r? \u00c9s mindez ak\u00e1r k\u00e9t szintes irod\u00e1val kombin\u00e1lva? Ipari \u00e9p\u00fcleteink minden ig\u00e9nyt kiel\u00e9g\u00edtenek, \u00e9s k\u00fcl\u00f6nb\u00f6z\u0151 m\u00e9retekben, sz\u00e1mos k\u00fcl\u00f6nf\u00e9le megjelen\u00e9si form\u00e1ban gy\u00e1rtjuk \u00e9s sz\u00e1ll\u00edtjuk csarnokainkat. <div style=\"background-color:;height: 10px\" class=\"nicdark_section  \"><\/div> Sport- \u00e9s sz\u00f3rakoztat\u00f3 l\u00e9tes\u00edtm\u00e9nyek Ak\u00e1r professzion\u00e1lis, ak\u00e1r szabadid\u0151s sportra, vagy j\u00e1rm\u0171vek, rep\u00fcl\u0151g\u00e9pek t\u00e1rol\u00e1s\u00e1ra keres csarnokot, hang\u00e1rt, a Frisomat a lehet\u0151 legjobb megold\u00e1st k\u00edn\u00e1lja. \u00c9p\u00fcleteink gazdas\u00e1gosak, tart\u00f3sak \u00e9s eszt\u00e9tikusak. <div style=\"background-color:;height: 25px\" class=\"nicdark_section  \"><\/div>[\/vc_column][\/vc_row]<\/p>\n","protected":false},"excerpt":{"rendered":"<p>[vc_row][vc_column][\/vc_column][\/vc_row][vc_row][vc_column][vc_masonry_media_grid element_width=&#8221;3&#8243; grid_id=&#8221;vc_gid:1688548027759-530d75a5-9a7d-6&#8243; include=&#8221;2069,2070,2071,2072,2073,2074,2075,2076,2077,2078,2079,2080,2081,2082&#8243;][\/vc_column][\/vc_row]<\/p>\n","protected":false},"author":1,"featured_media":0,"parent":0,"menu_order":0,"comment_status":"closed","ping_status":"closed","template":"","meta":{"footnotes":""},"class_list":["post-2068","page","type-page","status-publish","hentry"],"_links":{"self":[{"href":"https:\/\/batepker.hu\/index.php\/wp-json\/wp\/v2\/pages\/2068"}],"collection":[{"href":"https:\/\/batepker.hu\/index.php\/wp-json\/wp\/v2\/pages"}],"about":[{"href":"https:\/\/batepker.hu\/index.php\/wp-json\/wp\/v2\/types\/page"}],"author":[{"embeddable":true,"href":"https:\/\/batepker.hu\/index.php\/wp-json\/wp\/v2\/users\/1"}],"replies":[{"embeddable":true,"href":"https:\/\/batepker.hu\/index.php\/wp-json\/wp\/v2\/comments?post=2068"}],"version-history":[{"count":1,"href":"https:\/\/batepker.hu\/index.php\/wp-json\/wp\/v2\/pages\/2068\/revisions"}],"predecessor-version":[{"id":2083,"href":"https:\/\/batepker.hu\/index.php\/wp-json\/wp\/v2\/pages\/2068\/revisions\/2083"}],"wp:attachment":[{"href":"https:\/\/batepker.hu\/index.php\/wp-json\/wp\/v2\/media?parent=2068"}],"curies":[{"name":"wp","href":"https:\/\/api.w.org\/{rel}","templated":true}]}}