{"id":2112,"date":"2023-07-05T18:05:13","date_gmt":"2023-07-05T16:05:13","guid":{"rendered":"http:\/\/batepker.hu\/?page_id=2112"},"modified":"2024-01-16T16:00:04","modified_gmt":"2024-01-16T15:00:04","slug":"mezogazdasagi-epitmenyek","status":"publish","type":"page","link":"https:\/\/batepker.hu\/index.php\/mezogazdasagi-epitmenyek\/","title":{"rendered":"Mez\u0151gazdas\u00e1gi \u00e9p\u00edtm\u00e9nyek"},"content":{"rendered":"<p>[vc_row][vc_column]<div style=\"background-color:;height: 100px\" class=\"nicdark_section  \"><\/div> <h3 style=\"color:;padding:px;text-align:;font-size:px;line-height:px;letter-spacing: px;font-weight:bold\" class=\"    \">Sz\u00e1las takarm\u00e1nyt\u00e1rol\u00f3 \u00e9s t\u00e9li be\u00e1ll\u00f3 \u00e9p\u00edt\u00e9se z\u00e1rt t\u0171ziv\u00edzt\u00e1roz\u00f3 telep\u00edt\u00e9s\u00e9vel K\u00f6lkeden<\/h3> [\/vc_column][\/vc_row][vc_row][vc_column]<div style=\"background-color:;height: 10px\" class=\"nicdark_section  \"><\/div> Megrendel\u0151: DDNP P\u00e9csi Igazgat\u00f3s\u00e1ga Beruh\u00e1z\u00f3: DDNP P\u00e9csi Igazgat\u00f3s\u00e1ga Kivitelez\u00e9s \u00e9ve: 2022-2023 <div style=\"background-color:;height: 25px\" class=\"nicdark_section  \"><\/div>[vc_masonry_media_grid element_width=&#8221;3&#8243; grid_id=&#8221;vc_gid:1705417089830-4641c86b-4421-2&#8243; include=&#8221;2429,2430,2431,2432,2433,2434&#8243;][\/vc_column][\/vc_row][vc_row][vc_column]<div style=\"background-color:;height: 100px\" class=\"nicdark_section  \"><\/div> <h3 style=\"color:;padding:px;text-align:;font-size:px;line-height:px;letter-spacing: px;font-weight:bold\" class=\"    \">Baromfi\u00f3lak \u00e9p\u00edt\u00e9se Cik\u00f3n<\/h3> [\/vc_column][\/vc_row][vc_row][vc_column]<div style=\"background-color:;height: 10px\" class=\"nicdark_section  \"><\/div> Megrendel\u0151: Agro-Cik\u00f3 Kft. Beruh\u00e1z\u00f3: Agro-Cik\u00f3 Kft. Kivitelez\u00e9s \u00e9ve: 2021 \u2013 2022 <div style=\"background-color:;height: 25px\" class=\"nicdark_section  \"><\/div>[vc_masonry_media_grid element_width=&#8221;3&#8243; grid_id=&#8221;vc_gid:1705417119706-250ca089-e61f-5&#8243; include=&#8221;2422,2423,2424,2425,2426,2427&#8243;][\/vc_column][\/vc_row][vc_row][vc_column]<div style=\"background-color:;height: 100px\" class=\"nicdark_section  \"><\/div> <h3 style=\"color:;padding:px;text-align:;font-size:px;line-height:px;letter-spacing: px;font-weight:bold\" class=\"    \">H\u0171t\u0151h\u00e1z \u00e9p\u00edt\u00e9se B\u00e1tasz\u00e9ken<\/h3> [\/vc_column][\/vc_row][vc_row][vc_column]<div style=\"background-color:;height: 10px\" class=\"nicdark_section  \"><\/div> Megrendel\u0151: B\u00e1t-Grill Kft. Beruh\u00e1z\u00f3: B\u00e1t-Grill Kft. Kivitelez\u00e9s \u00e9ve: 2020 - 2021 <div style=\"background-color:;height: 25px\" class=\"nicdark_section  \"><\/div>[vc_masonry_media_grid element_width=&#8221;3&#8243; grid_id=&#8221;vc_gid:1705417089831-3d7c2ada-95ff-4&#8243; include=&#8221;2415,2416,2417,2418,2419,2420&#8243;][\/vc_column][\/vc_row][vc_row][vc_column]<div style=\"background-color:;height: 100px\" class=\"nicdark_section  \"><\/div> <h3 style=\"color:;padding:px;text-align:;font-size:px;line-height:px;letter-spacing: px;font-weight:bold\" class=\"    \">\u0150cs\u00e9nyben term\u00e9nyt\u00e1rol\u00f3 \u00e9p\u00fclet, m\u0171hely, iroda \u00e9s m\u00e9rleg \u00e9p\u00edt\u00e9se<\/h3> [\/vc_column][\/vc_row][vc_row][vc_column]<div style=\"background-color:;height: 10px\" class=\"nicdark_section  \"><\/div> Megrendel\u0151: Pilisi Zsolt Beruh\u00e1z\u00f3: Pilisi Zsolt Kivitelez\u00e9s \u00e9ve: 2019-2020 <div style=\"background-color:;height: 25px\" class=\"nicdark_section  \"><\/div>[vc_masonry_media_grid element_width=&#8221;3&#8243; grid_id=&#8221;vc_gid:1705417089832-c835f756-9eec-7&#8243; include=&#8221;2408,2409,2410,2411,2412,2413&#8243;][\/vc_column][\/vc_row][vc_row][vc_column]<div style=\"background-color:;height: 100px\" class=\"nicdark_section  \"><\/div> <h3 style=\"color:;padding:px;text-align:;font-size:px;line-height:px;letter-spacing: px;font-weight:bold\" class=\"    \">Term\u00e9nyt\u00e1rol\u00f3 \u00e9p\u00fclet term\u00e9nytiszt\u00edt\u00f3 berendez\u00e9ssel Nemesn\u00e1dudvar<\/h3> [\/vc_column][\/vc_row][vc_row][vc_column]<div style=\"background-color:;height: 10px\" class=\"nicdark_section  \"><\/div> Megrendel\u0151: Magyari Andr\u00e1s E.V. Beruh\u00e1z\u00f3: Magyari Andr\u00e1s E.V. Kivitelez\u00e9s \u00e9ve: 2016-2017 <div style=\"background-color:;height: 25px\" class=\"nicdark_section  \"><\/div>[vc_masonry_media_grid element_width=&#8221;3&#8243; grid_id=&#8221;vc_gid:1705417089833-4b82f694-81e6-6&#8243; include=&#8221;2113,2114,2115,2116,2117,2118,2119,2120&#8243;][\/vc_column][\/vc_row][vc_row][vc_column]<div style=\"background-color:;height: 50px\" class=\"nicdark_section  \"><\/div> <h3 style=\"color:;padding:px;text-align:;font-size:px;line-height:px;letter-spacing: px;font-weight:bold\" class=\"    \">Term\u00e9nyt\u00e1rol\u00f3k S\u00e1rbog\u00e1rd<\/h3> [\/vc_column][\/vc_row][vc_row][vc_column]<div style=\"background-color:;height: 10px\" class=\"nicdark_section  \"><\/div> Megrendel\u0151: DDBD Kft. Beruh\u00e1z\u00f3: ALISCA-MAG Kft. Kivitelez\u00e9s \u00e9ve: 2012 - 2014 <div style=\"background-color:;height: 25px\" class=\"nicdark_section  \"><\/div>[vc_masonry_media_grid element_width=&#8221;3&#8243; grid_id=&#8221;vc_gid:1705417089833-1153e8a9-4fa8-7&#8243; include=&#8221;2130,2131,2132,2133,2134,2135&#8243;][\/vc_column][\/vc_row][vc_row][vc_column]<div style=\"background-color:;height: 50px\" class=\"nicdark_section  \"><\/div> <h3 style=\"color:;padding:px;text-align:;font-size:px;line-height:px;letter-spacing: px;font-weight:bold\" class=\"    \">\u00c1tmeneti rakt\u00e1r S\u00e1rbog\u00e1rd<\/h3> [\/vc_column][\/vc_row][vc_row][vc_column]<div style=\"background-color:;height: 10px\" class=\"nicdark_section  \"><\/div> Megrendel\u0151: Hausneckt Ferencn\u00e9 E.V Beruh\u00e1z\u00f3: Hausneckt Ferencn\u00e9 E.V Kivitelez\u00e9s \u00e9ve: 2014 <div style=\"background-color:;height: 25px\" class=\"nicdark_section  \"><\/div>[vc_masonry_media_grid element_width=&#8221;3&#8243; grid_id=&#8221;vc_gid:1705417089834-645d8a08-abfe-0&#8243; include=&#8221;2137,2138,2139,2140&#8243;][\/vc_column][\/vc_row][vc_row][vc_column]<div style=\"background-color:;height: 50px\" class=\"nicdark_section  \"><\/div> <h3 style=\"color:;padding:px;text-align:;font-size:px;line-height:px;letter-spacing: px;font-weight:bold\" class=\"    \">Term\u00e9nyt\u00e1rol\u00f3 Szeb\u00e9ny-Sz\u0171r<\/h3> [\/vc_column][\/vc_row][vc_row][vc_column]<div style=\"background-color:;height: 10px\" class=\"nicdark_section  \"><\/div> Megrendel\u0151: Martini Mih\u00e1ly E.V Beruh\u00e1z\u00f3: Martini Mih\u00e1ly E.V Kivitelez\u00e9s \u00e9ve: 2014 <div style=\"background-color:;height: 25px\" class=\"nicdark_section  \"><\/div>[vc_masonry_media_grid element_width=&#8221;3&#8243; grid_id=&#8221;vc_gid:1705417089835-edfeb4d1-21f4-10&#8243; include=&#8221;2143,2144&#8243;][\/vc_column][\/vc_row][vc_row][vc_column]<div style=\"background-color:;height: 50px\" class=\"nicdark_section  \"><\/div> <h3 style=\"color:;padding:px;text-align:;font-size:px;line-height:px;letter-spacing: px;font-weight:bold\" class=\"    \">Term\u00e9nyt\u00e1rol\u00f3 \u0150cs\u00e9ny<\/h3> [\/vc_column][\/vc_row][vc_row][vc_column]<div style=\"background-color:;height: 10px\" class=\"nicdark_section  \"><\/div> Megrendel\u0151: GOLDKERN Kft. Beruh\u00e1z\u00f3: GOLDKERN Kft. Kivitelez\u00e9s \u00e9ve: 2010 - 2011 <div style=\"background-color:;height: 25px\" class=\"nicdark_section  \"><\/div>[vc_masonry_media_grid element_width=&#8221;3&#8243; grid_id=&#8221;vc_gid:1705417089835-e7b3ce44-5160-1&#8243; include=&#8221;2145,2146,2147,2148&#8243;][\/vc_column][\/vc_row][vc_row][vc_column]<div style=\"background-color:;height: 50px\" class=\"nicdark_section  \"><\/div> <h3 style=\"color:;padding:px;text-align:;font-size:px;line-height:px;letter-spacing: px;font-weight:bold\" class=\"    \">Toj\u00f3ty\u00fakfarm Gyergy\u00f3szentmikl\u00f3s (RO)<\/h3> [\/vc_column][\/vc_row][vc_row][vc_column]<div style=\"background-color:;height: 10px\" class=\"nicdark_section  \"><\/div> Megrendel\u0151: sc. BATEP KER ROM Srl. Beruh\u00e1z\u00f3: sc. IMPORT-EXPORT PAL MAR Srl. Kivitelez\u00e9s \u00e9ve: 2009 - 2010 <div style=\"background-color:;height: 25px\" class=\"nicdark_section  \"><\/div>[vc_masonry_media_grid element_width=&#8221;3&#8243; grid_id=&#8221;vc_gid:1705417089836-1e72c9fb-935c-4&#8243; include=&#8221;2149,2150,2151,2152&#8243;][\/vc_column][\/vc_row][vc_row][vc_column]<div style=\"background-color:;height: 50px\" class=\"nicdark_section  \"><\/div> <h3 style=\"color:;padding:px;text-align:;font-size:px;line-height:px;letter-spacing: px;font-weight:bold\" class=\"    \">Vet\u0151magt\u00e1rol\u00f3 Leps\u00e9ny<\/h3> [\/vc_column][\/vc_row][vc_row][vc_column]<div style=\"background-color:;height: 10px\" class=\"nicdark_section  \"><\/div> Megrendel\u0151: ALISCA-MAG Kft. Beruh\u00e1z\u00f3: ALISCA-MAG Kft. Kivitelez\u00e9s \u00e9ve: 2009 <div style=\"background-color:;height: 25px\" class=\"nicdark_section  \"><\/div>[vc_masonry_media_grid element_width=&#8221;3&#8243; grid_id=&#8221;vc_gid:1705417089837-e5a289d8-0ad4-7&#8243; include=&#8221;2154,2155,2156,2157&#8243;][\/vc_column][\/vc_row]<\/p>\n","protected":false},"excerpt":{"rendered":"<p>[vc_row][vc_column][\/vc_column][\/vc_row][vc_row][vc_column][vc_masonry_media_grid element_width=&#8221;3&#8243; grid_id=&#8221;vc_gid:1705417089830-4641c86b-4421-2&#8243; include=&#8221;2429,2430,2431,2432,2433,2434&#8243;][\/vc_column][\/vc_row][vc_row][vc_column][\/vc_column][\/vc_row][vc_row][vc_column][vc_masonry_media_grid element_width=&#8221;3&#8243; grid_id=&#8221;vc_gid:1705417119706-250ca089-e61f-5&#8243; include=&#8221;2422,2423,2424,2425,2426,2427&#8243;][\/vc_column][\/vc_row][vc_row][vc_column][\/vc_column][\/vc_row][vc_row][vc_column][vc_masonry_media_grid element_width=&#8221;3&#8243; grid_id=&#8221;vc_gid:1705417089831-3d7c2ada-95ff-4&#8243; include=&#8221;2415,2416,2417,2418,2419,2420&#8243;][\/vc_column][\/vc_row][vc_row][vc_column][\/vc_column][\/vc_row][vc_row][vc_column][vc_masonry_media_grid element_width=&#8221;3&#8243; grid_id=&#8221;vc_gid:1705417089832-c835f756-9eec-7&#8243; include=&#8221;2408,2409,2410,2411,2412,2413&#8243;][\/vc_column][\/vc_row][vc_row][vc_column][\/vc_column][\/vc_row][vc_row][vc_column][vc_masonry_media_grid element_width=&#8221;3&#8243; grid_id=&#8221;vc_gid:1705417089833-4b82f694-81e6-6&#8243; include=&#8221;2113,2114,2115,2116,2117,2118,2119,2120&#8243;][\/vc_column][\/vc_row][vc_row][vc_column][\/vc_column][\/vc_row][vc_row][vc_column][vc_masonry_media_grid element_width=&#8221;3&#8243; grid_id=&#8221;vc_gid:1705417089833-1153e8a9-4fa8-7&#8243; include=&#8221;2130,2131,2132,2133,2134,2135&#8243;][\/vc_column][\/vc_row][vc_row][vc_column][\/vc_column][\/vc_row][vc_row][vc_column][vc_masonry_media_grid element_width=&#8221;3&#8243; grid_id=&#8221;vc_gid:1705417089834-645d8a08-abfe-0&#8243; include=&#8221;2137,2138,2139,2140&#8243;][\/vc_column][\/vc_row][vc_row][vc_column][\/vc_column][\/vc_row][vc_row][vc_column][vc_masonry_media_grid element_width=&#8221;3&#8243; grid_id=&#8221;vc_gid:1705417089835-edfeb4d1-21f4-10&#8243; include=&#8221;2143,2144&#8243;][\/vc_column][\/vc_row][vc_row][vc_column][\/vc_column][\/vc_row][vc_row][vc_column][vc_masonry_media_grid element_width=&#8221;3&#8243; grid_id=&#8221;vc_gid:1705417089835-e7b3ce44-5160-1&#8243; include=&#8221;2145,2146,2147,2148&#8243;][\/vc_column][\/vc_row][vc_row][vc_column][\/vc_column][\/vc_row][vc_row][vc_column][vc_masonry_media_grid element_width=&#8221;3&#8243; grid_id=&#8221;vc_gid:1705417089836-1e72c9fb-935c-4&#8243; include=&#8221;2149,2150,2151,2152&#8243;][\/vc_column][\/vc_row][vc_row][vc_column][\/vc_column][\/vc_row][vc_row][vc_column][vc_masonry_media_grid element_width=&#8221;3&#8243; grid_id=&#8221;vc_gid:1705417089837-e5a289d8-0ad4-7&#8243; include=&#8221;2154,2155,2156,2157&#8243;][\/vc_column][\/vc_row]<\/p>\n","protected":false},"author":1,"featured_media":0,"parent":0,"menu_order":0,"comment_status":"closed","ping_status":"closed","template":"","meta":{"footnotes":""},"class_list":["post-2112","page","type-page","status-publish","hentry"],"_links":{"self":[{"href":"https:\/\/batepker.hu\/index.php\/wp-json\/wp\/v2\/pages\/2112"}],"collection":[{"href":"https:\/\/batepker.hu\/index.php\/wp-json\/wp\/v2\/pages"}],"about":[{"href":"https:\/\/batepker.hu\/index.php\/wp-json\/wp\/v2\/types\/page"}],"author":[{"embeddable":true,"href":"https:\/\/batepker.hu\/index.php\/wp-json\/wp\/v2\/users\/1"}],"replies":[{"embeddable":true,"href":"https:\/\/batepker.hu\/index.php\/wp-json\/wp\/v2\/comments?post=2112"}],"version-history":[{"count":18,"href":"https:\/\/batepker.hu\/index.php\/wp-json\/wp\/v2\/pages\/2112\/revisions"}],"predecessor-version":[{"id":2435,"href":"https:\/\/batepker.hu\/index.php\/wp-json\/wp\/v2\/pages\/2112\/revisions\/2435"}],"wp:attachment":[{"href":"https:\/\/batepker.hu\/index.php\/wp-json\/wp\/v2\/media?parent=2112"}],"curies":[{"name":"wp","href":"https:\/\/api.w.org\/{rel}","templated":true}]}}