{"id":2159,"date":"2023-07-05T18:31:48","date_gmt":"2023-07-05T16:31:48","guid":{"rendered":"http:\/\/batepker.hu\/?page_id=2159"},"modified":"2023-07-05T18:33:34","modified_gmt":"2023-07-05T16:33:34","slug":"aruhazak-irodak","status":"publish","type":"page","link":"https:\/\/batepker.hu\/index.php\/aruhazak-irodak\/","title":{"rendered":"\u00c1ruh\u00e1zak, Irod\u00e1k"},"content":{"rendered":"<p>[vc_row][vc_column][nd_options_spacer nd_options_height=&#8221;100&#8243;][nd_options_text nd_options_text_tag=&#8221;h3&#8243; nd_options_text_weight=&#8221;bold&#8221; nd_options_text=&#8221;Piact\u00e9r rekonstrukci\u00f3 Szeksz\u00e1rd&#8221;][\/vc_column][\/vc_row][vc_row][vc_column][nd_options_spacer nd_options_height=&#8221;10&#8243;][nd_options_text nd_options_text=&#8221;Megrendel\u0151: Z\u00c1\u00c9V Zrt. Beruh\u00e1z\u00f3: SZEKSZ\u00c1RDI VAGYONKEZEL\u0150 Kft. Kivitelez\u00e9s \u00e9ve: 2014&#8243;][nd_options_spacer nd_options_height=&#8221;25&#8243;][vc_masonry_media_grid element_width=&#8221;3&#8243; grid_id=&#8221;vc_gid:1688574773831-611e185a-de1a-7&#8243; include=&#8221;2160,2161,2162,2163,2164&#8243;][\/vc_column][\/vc_row][vc_row][vc_column][nd_options_spacer nd_options_height=&#8221;50&#8243;][nd_options_text nd_options_text_tag=&#8221;h3&#8243; nd_options_text_weight=&#8221;bold&#8221; nd_options_text=&#8221;Telephely \u00e9p\u00edt\u00e9s Baja&#8221;][\/vc_column][\/vc_row][vc_row][vc_column][nd_options_spacer nd_options_height=&#8221;10&#8243;][nd_options_text nd_options_text=&#8221;Megrendel\u0151: KAL-SYSTEM Kft. Beruh\u00e1z\u00f3: KAL-SYSTEM Kft. Kivitelez\u00e9s \u00e9ve: 2013 &#8211; 2014&#8243;][nd_options_spacer nd_options_height=&#8221;25&#8243;][vc_masonry_media_grid element_width=&#8221;3&#8243; grid_id=&#8221;vc_gid:1688574773832-04739726-a054-1&#8243; include=&#8221;2165,2166,2167,2168&#8243;][\/vc_column][\/vc_row][vc_row][vc_column][nd_options_spacer nd_options_height=&#8221;50&#8243;][nd_options_text nd_options_text_tag=&#8221;h3&#8243; nd_options_text_weight=&#8221;bold&#8221; nd_options_text=&#8221;Telephely \u00e9p\u00edt\u00e9s Zalaegerszeg&#8221;][\/vc_column][\/vc_row][vc_row][vc_column][nd_options_spacer nd_options_height=&#8221;10&#8243;][nd_options_text nd_options_text=&#8221;Megrendel\u0151: Z\u00c1\u00c9V Zrt. Beruh\u00e1z\u00f3: AXI\u00c1L Kft. Kivitelez\u00e9s \u00e9ve: 2013&#8243;][nd_options_spacer nd_options_height=&#8221;25&#8243;][vc_masonry_media_grid element_width=&#8221;3&#8243; grid_id=&#8221;vc_gid:1688574773834-3631ef20-467c-5&#8243; include=&#8221;2169,2170,2171,2172&#8243;][\/vc_column][\/vc_row][vc_row][vc_column][nd_options_spacer nd_options_height=&#8221;50&#8243;][nd_options_text nd_options_text_tag=&#8221;h3&#8243; nd_options_text_weight=&#8221;bold&#8221; nd_options_text=&#8221;Tesco, Family Center Moh\u00e1cs&#8221;][\/vc_column][\/vc_row][vc_row][vc_column][nd_options_spacer nd_options_height=&#8221;10&#8243;][nd_options_text nd_options_text=&#8221;Megrendel\u0151: Z\u00c1\u00c9V Zrt. Beruh\u00e1z\u00f3: TESCO GLOBAL \u00c1ruh\u00e1zak Zrt. Kivitelez\u00e9s \u00e9ve: 2008 &#8211; 2009&#8243;][nd_options_spacer nd_options_height=&#8221;25&#8243;][vc_masonry_media_grid element_width=&#8221;3&#8243; grid_id=&#8221;vc_gid:1688574773835-e5e22a4e-b388-2&#8243; include=&#8221;2173,2174,2175,2176&#8243;][\/vc_column][\/vc_row][vc_row][vc_column][nd_options_spacer nd_options_height=&#8221;50&#8243;][nd_options_text nd_options_text_tag=&#8221;h3&#8243; nd_options_text_weight=&#8221;bold&#8221; nd_options_text=&#8221;Tesco Bonyh\u00e1d&#8221;][\/vc_column][\/vc_row][vc_row][vc_column][nd_options_spacer nd_options_height=&#8221;10&#8243;][nd_options_text nd_options_text=&#8221;Megrendel\u0151: Z\u00c1\u00c9V Zrt. Beruh\u00e1z\u00f3: TESCO GLOBAL \u00c1ruh\u00e1zak Zrt. Kivitelez\u00e9s \u00e9ve: 2007-2008.&#8221;][nd_options_spacer nd_options_height=&#8221;25&#8243;][vc_masonry_media_grid element_width=&#8221;3&#8243; grid_id=&#8221;vc_gid:1688574773836-ef9e814a-c298-1&#8243; include=&#8221;2177,2178,2179,2180,2181,2182,2183&#8243;][\/vc_column][\/vc_row][vc_row][vc_column][nd_options_spacer nd_options_height=&#8221;50&#8243;][nd_options_text nd_options_text_tag=&#8221;h3&#8243; nd_options_text_weight=&#8221;bold&#8221; nd_options_text=&#8221;Aranyh\u00e1z \u00dczlet Szeksz\u00e1rd&#8221;][\/vc_column][\/vc_row][vc_row][vc_column][nd_options_spacer nd_options_height=&#8221;10&#8243;][nd_options_text nd_options_text=&#8221;Megrendel\u0151: Aranyh\u00e1z Plusz Kft. Beruh\u00e1z\u00f3: Aranyh\u00e1z Plusz Kft. Kivitelez\u00e9s \u00e9ve: 2007&#8243;][nd_options_spacer nd_options_height=&#8221;25&#8243;][vc_masonry_media_grid element_width=&#8221;3&#8243; grid_id=&#8221;vc_gid:1688574773836-f71c1c89-551d-2&#8243; include=&#8221;2184,2185,2186,2187,2188,2189,2190,2191&#8243;][\/vc_column][\/vc_row][vc_row][vc_column][nd_options_spacer nd_options_height=&#8221;50&#8243;][nd_options_text nd_options_text_tag=&#8221;h3&#8243; nd_options_text_weight=&#8221;bold&#8221; nd_options_text=&#8221;Sug\u00f3-Center \u00dczletk\u00f6zpont, Baja&#8221;][\/vc_column][\/vc_row][vc_row][vc_column][nd_options_spacer nd_options_height=&#8221;10&#8243;][nd_options_text nd_options_text=&#8221;Megrendel\u0151: WSF INVEST Kft. Beruh\u00e1z\u00f3: WSF INVEST Kft. Kivitelez\u00e9s \u00e9ve: 2007&#8243;][nd_options_spacer nd_options_height=&#8221;25&#8243;][vc_masonry_media_grid element_width=&#8221;3&#8243; grid_id=&#8221;vc_gid:1688574773837-b1dc69ba-f88c-8&#8243; include=&#8221;2192,2193,2194,2195&#8243;][\/vc_column][\/vc_row]<\/p>\n","protected":false},"excerpt":{"rendered":"<p>[vc_row][vc_column][nd_options_spacer nd_options_height=&#8221;100&#8243;][nd_options_text nd_options_text_tag=&#8221;h3&#8243; nd_options_text_weight=&#8221;bold&#8221; nd_options_text=&#8221;Piact\u00e9r rekonstrukci\u00f3 Szeksz\u00e1rd&#8221;][\/vc_column][\/vc_row][vc_row][vc_column][nd_options_spacer nd_options_height=&#8221;10&#8243;][nd_options_text nd_options_text=&#8221;Megrendel\u0151: Z\u00c1\u00c9V Zrt. Beruh\u00e1z\u00f3: SZEKSZ\u00c1RDI VAGYONKEZEL\u0150 Kft. Kivitelez\u00e9s \u00e9ve: 2014&#8243;][nd_options_spacer nd_options_height=&#8221;25&#8243;][vc_masonry_media_grid element_width=&#8221;3&#8243; grid_id=&#8221;vc_gid:1688574773831-611e185a-de1a-7&#8243; include=&#8221;2160,2161,2162,2163,2164&#8243;][\/vc_column][\/vc_row][vc_row][vc_column][nd_options_spacer nd_options_height=&#8221;50&#8243;][nd_options_text nd_options_text_tag=&#8221;h3&#8243; nd_options_text_weight=&#8221;bold&#8221; nd_options_text=&#8221;Telephely \u00e9p\u00edt\u00e9s Baja&#8221;][\/vc_column][\/vc_row][vc_row][vc_column][nd_options_spacer nd_options_height=&#8221;10&#8243;][nd_options_text nd_options_text=&#8221;Megrendel\u0151: KAL-SYSTEM Kft. Beruh\u00e1z\u00f3: KAL-SYSTEM Kft. Kivitelez\u00e9s \u00e9ve: 2013 &#8211; 2014&#8243;][nd_options_spacer nd_options_height=&#8221;25&#8243;][vc_masonry_media_grid element_width=&#8221;3&#8243; grid_id=&#8221;vc_gid:1688574773832-04739726-a054-1&#8243; include=&#8221;2165,2166,2167,2168&#8243;][\/vc_column][\/vc_row][vc_row][vc_column][nd_options_spacer nd_options_height=&#8221;50&#8243;][nd_options_text nd_options_text_tag=&#8221;h3&#8243; nd_options_text_weight=&#8221;bold&#8221; nd_options_text=&#8221;Telephely \u00e9p\u00edt\u00e9s Zalaegerszeg&#8221;][\/vc_column][\/vc_row][vc_row][vc_column][nd_options_spacer nd_options_height=&#8221;10&#8243;][nd_options_text nd_options_text=&#8221;Megrendel\u0151: Z\u00c1\u00c9V Zrt. Beruh\u00e1z\u00f3: [&hellip;]<\/p>\n","protected":false},"author":1,"featured_media":0,"parent":0,"menu_order":0,"comment_status":"closed","ping_status":"closed","template":"","meta":{"footnotes":""},"class_list":["post-2159","page","type-page","status-publish","hentry"],"_links":{"self":[{"href":"https:\/\/batepker.hu\/index.php\/wp-json\/wp\/v2\/pages\/2159"}],"collection":[{"href":"https:\/\/batepker.hu\/index.php\/wp-json\/wp\/v2\/pages"}],"about":[{"href":"https:\/\/batepker.hu\/index.php\/wp-json\/wp\/v2\/types\/page"}],"author":[{"embeddable":true,"href":"https:\/\/batepker.hu\/index.php\/wp-json\/wp\/v2\/users\/1"}],"replies":[{"embeddable":true,"href":"https:\/\/batepker.hu\/index.php\/wp-json\/wp\/v2\/comments?post=2159"}],"version-history":[{"count":4,"href":"https:\/\/batepker.hu\/index.php\/wp-json\/wp\/v2\/pages\/2159\/revisions"}],"predecessor-version":[{"id":2200,"href":"https:\/\/batepker.hu\/index.php\/wp-json\/wp\/v2\/pages\/2159\/revisions\/2200"}],"wp:attachment":[{"href":"https:\/\/batepker.hu\/index.php\/wp-json\/wp\/v2\/media?parent=2159"}],"curies":[{"name":"wp","href":"https:\/\/api.w.org\/{rel}","templated":true}]}}