{"id":2202,"date":"2023-07-05T18:49:05","date_gmt":"2023-07-05T16:49:05","guid":{"rendered":"http:\/\/batepker.hu\/?page_id=2202"},"modified":"2024-01-16T16:03:01","modified_gmt":"2024-01-16T15:03:01","slug":"ipari_epuletek","status":"publish","type":"page","link":"https:\/\/batepker.hu\/index.php\/ipari_epuletek\/","title":{"rendered":"Ipari \u00e9p\u00fcletek"},"content":{"rendered":"<p>[vc_row][vc_column]<div style=\"background-color:;height: 100px\" class=\"nicdark_section  \"><\/div> <h3 style=\"color:;padding:px;text-align:;font-size:px;line-height:px;letter-spacing: px;font-weight:bold\" class=\"    \">\u00daj \u00fczemcsarnok tervez\u00e9si \u00e9s kivitelez\u00e9si munk\u00e1i Fajszon<\/h3> [\/vc_column][\/vc_row][vc_row][vc_column]<div style=\"background-color:;height: 10px\" class=\"nicdark_section  \"><\/div> Megrendel\u0151: Pata J\u00f3zsef G\u00e9pipari Kft. Beruh\u00e1z\u00f3: Pata J\u00f3zsef G\u00e9pipari Kft. Tervez\u00e9s \u00e9s kivitelez\u00e9s \u00e9ve: 2022-2023 <div style=\"background-color:;height: 25px\" class=\"nicdark_section  \"><\/div>[vc_masonry_media_grid element_width=&#8221;3&#8243; grid_id=&#8221;vc_gid:1705417299554-10e08b59-073b-8&#8243; include=&#8221;2444,2445,2446,2447,2448,2449&#8243;][\/vc_column][\/vc_row][vc_row][vc_column]<div style=\"background-color:;height: 100px\" class=\"nicdark_section  \"><\/div> <h3 style=\"color:;padding:px;text-align:;font-size:px;line-height:px;letter-spacing: px;font-weight:bold\" class=\"    \">Rakt\u00e1r\u00e9p\u00fclet \u00e9s asztalos m\u0171hely \u00e9p\u00edt\u00e9se Zalal\u00f6v\u0151n<\/h3> [\/vc_column][\/vc_row][vc_row][vc_column]<div style=\"background-color:;height: 10px\" class=\"nicdark_section  \"><\/div> Megrendel\u0151: EDELHOLZ Kft. Beruh\u00e1z\u00f3: EDELHOLZ Kft. Kivitelez\u00e9s \u00e9ve: 2022-2023 <div style=\"background-color:;height: 25px\" class=\"nicdark_section  \"><\/div>[vc_masonry_media_grid element_width=&#8221;3&#8243; grid_id=&#8221;vc_gid:1705417303394-381d3d7a-513a-3&#8243; include=&#8221;2436,2437,2438,2439,2440,2442&#8243;][\/vc_column][\/vc_row][vc_row][vc_column]<div style=\"background-color:;height: 100px\" class=\"nicdark_section  \"><\/div> <h3 style=\"color:;padding:px;text-align:;font-size:px;line-height:px;letter-spacing: px;font-weight:bold\" class=\"    \">Baromfi feldolgoz\u00f3 \u00fczem b\u0151v\u00edt\u00e9se B\u00e1tasz\u00e9k<\/h3> [\/vc_column][\/vc_row][vc_row][vc_column]<div style=\"background-color:;height: 10px\" class=\"nicdark_section  \"><\/div> Megrendel\u0151: TERC-CO Kft. Beruh\u00e1z\u00f3: B\u00c1T-GRILL Kft. Kivitelez\u00e9s \u00e9ve: 2015 <div style=\"background-color:;height: 25px\" class=\"nicdark_section  \"><\/div>[vc_masonry_media_grid element_width=&#8221;3&#8243; grid_id=&#8221;vc_gid:1705417299555-fa6d7ca2-793e-7&#8243; include=&#8221;2203,2204,2205,2206&#8243;][\/vc_column][\/vc_row][vc_row][vc_column]<div style=\"background-color:;height: 50px\" class=\"nicdark_section  \"><\/div> <h3 style=\"color:;padding:px;text-align:;font-size:px;line-height:px;letter-spacing: px;font-weight:bold\" class=\"    \">Baromfikeltet\u0151 \u00e9p\u00fclet Palotabozsok<\/h3> [\/vc_column][\/vc_row][vc_row][vc_column]<div style=\"background-color:;height: 10px\" class=\"nicdark_section  \"><\/div> Megrendel\u0151: SH-BAU Kft. Beruh\u00e1z\u00f3: PALOTABOZSOKI Zrt. Kivitelez\u00e9s \u00e9ve: 2014-2015 <div style=\"background-color:;height: 25px\" class=\"nicdark_section  \"><\/div>[vc_masonry_media_grid element_width=&#8221;3&#8243; grid_id=&#8221;vc_gid:1705417299556-caef6e5d-4080-6&#8243; include=&#8221;2207,2208,2209,2210&#8243;][\/vc_column][\/vc_row][vc_row][vc_column]<div style=\"background-color:;height: 50px\" class=\"nicdark_section  \"><\/div> <h3 style=\"color:;padding:px;text-align:;font-size:px;line-height:px;letter-spacing: px;font-weight:bold\" class=\"    \">G\u00e9palkatr\u00e9sz gy\u00e1r, Fajsz<\/h3> [\/vc_column][\/vc_row][vc_row][vc_column]<div style=\"background-color:;height: 10px\" class=\"nicdark_section  \"><\/div> Megrendel\u0151: Pata J\u00f3zsef G\u00e9pipari Kft. Beruh\u00e1z\u00f3: Pata J\u00f3zsef G\u00e9pipari Kft. Kivitelez\u00e9s \u00e9ve: 1999 - 2015 <div style=\"background-color:;height: 25px\" class=\"nicdark_section  \"><\/div>[vc_masonry_media_grid element_width=&#8221;3&#8243; grid_id=&#8221;vc_gid:1705417299556-eb93830e-e53c-10&#8243; include=&#8221;2211,2212,2213&#8243;][\/vc_column][\/vc_row][vc_row][vc_column]<div style=\"background-color:;height: 50px\" class=\"nicdark_section  \"><\/div> <h3 style=\"color:;padding:px;text-align:;font-size:px;line-height:px;letter-spacing: px;font-weight:bold\" class=\"    \">Aut\u00f3szerel\u0151 m\u0171hely Als\u00f3ny\u00e9k<\/h3> [\/vc_column][\/vc_row][vc_row][vc_column]<div style=\"background-color:;height: 10px\" class=\"nicdark_section  \"><\/div> Megrendel\u0151: 3 Tihanyi Aut\u00f3h\u00e1z Kft. Beruh\u00e1z\u00f3: 3 Tihanyi Aut\u00f3h\u00e1z Kft. Kivitelez\u00e9s \u00e9ve: 2013 <div style=\"background-color:;height: 25px\" class=\"nicdark_section  \"><\/div>[vc_masonry_media_grid element_width=&#8221;3&#8243; grid_id=&#8221;vc_gid:1705417299557-fbbedbb7-8661-8&#8243; include=&#8221;2214,2215,2216&#8243;][\/vc_column][\/vc_row][vc_row][vc_column]<div style=\"background-color:;height: 50px\" class=\"nicdark_section  \"><\/div> <h3 style=\"color:;padding:px;text-align:;font-size:px;line-height:px;letter-spacing: px;font-weight:bold\" class=\"    \">N\u00f6v\u00e9nyv\u00e9d\u0151szer rakt\u00e1r Baja<\/h3> [\/vc_column][\/vc_row][vc_row][vc_column]<div style=\"background-color:;height: 10px\" class=\"nicdark_section  \"><\/div> Megrendel\u0151: EMEL Kft. Beruh\u00e1z\u00f3: KITE Zrt. Kivitelez\u00e9s \u00e9ve: 2013 <div style=\"background-color:;height: 25px\" class=\"nicdark_section  \"><\/div>[vc_masonry_media_grid element_width=&#8221;3&#8243; grid_id=&#8221;vc_gid:1705417299559-ee545300-094f-0&#8243; include=&#8221;2217,2218,2219,2220,2221&#8243;][\/vc_column][\/vc_row][vc_row][vc_column]<div style=\"background-color:;height: 50px\" class=\"nicdark_section  \"><\/div> <h3 style=\"color:;padding:px;text-align:;font-size:px;line-height:px;letter-spacing: px;font-weight:bold\" class=\"    \">N\u00f6v\u00e9nyv\u00e9d\u0151szer rakt\u00e1r Kiskorp\u00e1d<\/h3> [\/vc_column][\/vc_row][vc_row][vc_column]<div style=\"background-color:;height: 10px\" class=\"nicdark_section  \"><\/div> Megrendel\u0151: Szegletk\u0151 Gener\u00e1l Kft. Beruh\u00e1z\u00f3: KITE Zrt. Kivitelez\u00e9s \u00e9ve: 2013 <div style=\"background-color:;height: 25px\" class=\"nicdark_section  \"><\/div>[vc_masonry_media_grid element_width=&#8221;3&#8243; grid_id=&#8221;vc_gid:1705417299561-1574cb38-f1e6-6&#8243; include=&#8221;2222,2223,2224,2225&#8243;][\/vc_column][\/vc_row][vc_row][vc_column]<div style=\"background-color:;height: 50px\" class=\"nicdark_section  \"><\/div> <h3 style=\"color:;padding:px;text-align:;font-size:px;line-height:px;letter-spacing: px;font-weight:bold\" class=\"    \">Telephelyfejleszt\u00e9s, P\u00e9cs<\/h3> [\/vc_column][\/vc_row][vc_row][vc_column]<div style=\"background-color:;height: 10px\" class=\"nicdark_section  \"><\/div> Megrendel\u0151: PLATINA-BAU Zrt. Beruh\u00e1z\u00f3: PLATINA-BAU Zrt. Kivitelez\u00e9s \u00e9ve: 2010 - 2011 <div style=\"background-color:;height: 25px\" class=\"nicdark_section  \"><\/div>[vc_masonry_media_grid element_width=&#8221;3&#8243; grid_id=&#8221;vc_gid:1705417299561-276c44b2-797b-9&#8243; include=&#8221;2226,2227,2228,2229&#8243;][\/vc_column][\/vc_row][vc_row][vc_column]<div style=\"background-color:;height: 50px\" class=\"nicdark_section  \"><\/div> <h3 style=\"color:;padding:px;text-align:;font-size:px;line-height:px;letter-spacing: px;font-weight:bold\" class=\"    \">Ac\u00e9lszerkezet gy\u00e1rt\u00f3 csarnok Szeksz\u00e1rd<\/h3> [\/vc_column][\/vc_row][vc_row][vc_column]<div style=\"background-color:;height: 10px\" class=\"nicdark_section  \"><\/div> Megrendel\u0151: CONFORMITY Kft. Beruh\u00e1z\u00f3: CONFORMITY Kft. Kivitelez\u00e9s \u00e9ve: 2010 <div style=\"background-color:;height: 25px\" class=\"nicdark_section  \"><\/div>[vc_masonry_media_grid element_width=&#8221;3&#8243; grid_id=&#8221;vc_gid:1705417299562-b728fab7-7e12-1&#8243; include=&#8221;2230,2231,2232,2233&#8243;][\/vc_column][\/vc_row][vc_row][vc_column]<div style=\"background-color:;height: 50px\" class=\"nicdark_section  \"><\/div> <h3 style=\"color:;padding:px;text-align:;font-size:px;line-height:px;letter-spacing: px;font-weight:bold\" class=\"    \">Inkub\u00e1torh\u00e1z Szeksz\u00e1rd ipari park<\/h3> [\/vc_column][\/vc_row][vc_row][vc_column]<div style=\"background-color:;height: 10px\" class=\"nicdark_section  \"><\/div> Megrendel\u0151: CSAR-TER Kft. Beruh\u00e1z\u00f3: TM. V\u00e1llalkoz\u00e1sfejleszt\u00e9si K\u00f6zpont Kivitelez\u00e9s \u00e9ve: 2009-2010 <div style=\"background-color:;height: 25px\" class=\"nicdark_section  \"><\/div>[vc_masonry_media_grid element_width=&#8221;3&#8243; grid_id=&#8221;vc_gid:1705417299563-eea87814-7704-6&#8243; include=&#8221;2234,2235,2236,2237&#8243;][\/vc_column][\/vc_row][vc_row][vc_column]<div style=\"background-color:;height: 50px\" class=\"nicdark_section  \"><\/div> <h3 style=\"color:;padding:px;text-align:;font-size:px;line-height:px;letter-spacing: px;font-weight:bold\" class=\"    \">Iroda-, m\u0171hely-, \u00e9s rakt\u00e1r\u00e9p\u00fclet Tolna 6-os f\u0151\u00fat<\/h3> [\/vc_column][\/vc_row][vc_row][vc_column]<div style=\"background-color:;height: 10px\" class=\"nicdark_section  \"><\/div> Megrendel\u0151: AGRO-TIPP N0 1. Kft. Beruh\u00e1z\u00f3: AGRO-TIPP N0 1. Kft. Kivitelez\u00e9s \u00e9ve: 2009 <div style=\"background-color:;height: 25px\" class=\"nicdark_section  \"><\/div>[vc_masonry_media_grid element_width=&#8221;3&#8243; grid_id=&#8221;vc_gid:1705417299563-ff8ecbc3-9d30-3&#8243; include=&#8221;2238,2239,2240,2241&#8243;][\/vc_column][\/vc_row]<\/p>\n","protected":false},"excerpt":{"rendered":"<p>[vc_row][vc_column][\/vc_column][\/vc_row][vc_row][vc_column][vc_masonry_media_grid element_width=&#8221;3&#8243; grid_id=&#8221;vc_gid:1705417299554-10e08b59-073b-8&#8243; include=&#8221;2444,2445,2446,2447,2448,2449&#8243;][\/vc_column][\/vc_row][vc_row][vc_column][\/vc_column][\/vc_row][vc_row][vc_column][vc_masonry_media_grid element_width=&#8221;3&#8243; grid_id=&#8221;vc_gid:1705417303394-381d3d7a-513a-3&#8243; include=&#8221;2436,2437,2438,2439,2440,2442&#8243;][\/vc_column][\/vc_row][vc_row][vc_column][\/vc_column][\/vc_row][vc_row][vc_column][vc_masonry_media_grid element_width=&#8221;3&#8243; grid_id=&#8221;vc_gid:1705417299555-fa6d7ca2-793e-7&#8243; include=&#8221;2203,2204,2205,2206&#8243;][\/vc_column][\/vc_row][vc_row][vc_column][\/vc_column][\/vc_row][vc_row][vc_column][vc_masonry_media_grid element_width=&#8221;3&#8243; grid_id=&#8221;vc_gid:1705417299556-caef6e5d-4080-6&#8243; include=&#8221;2207,2208,2209,2210&#8243;][\/vc_column][\/vc_row][vc_row][vc_column][\/vc_column][\/vc_row][vc_row][vc_column][vc_masonry_media_grid element_width=&#8221;3&#8243; grid_id=&#8221;vc_gid:1705417299556-eb93830e-e53c-10&#8243; include=&#8221;2211,2212,2213&#8243;][\/vc_column][\/vc_row][vc_row][vc_column][\/vc_column][\/vc_row][vc_row][vc_column][vc_masonry_media_grid element_width=&#8221;3&#8243; grid_id=&#8221;vc_gid:1705417299557-fbbedbb7-8661-8&#8243; include=&#8221;2214,2215,2216&#8243;][\/vc_column][\/vc_row][vc_row][vc_column][\/vc_column][\/vc_row][vc_row][vc_column][vc_masonry_media_grid element_width=&#8221;3&#8243; grid_id=&#8221;vc_gid:1705417299559-ee545300-094f-0&#8243; include=&#8221;2217,2218,2219,2220,2221&#8243;][\/vc_column][\/vc_row][vc_row][vc_column][\/vc_column][\/vc_row][vc_row][vc_column][vc_masonry_media_grid element_width=&#8221;3&#8243; grid_id=&#8221;vc_gid:1705417299561-1574cb38-f1e6-6&#8243; include=&#8221;2222,2223,2224,2225&#8243;][\/vc_column][\/vc_row][vc_row][vc_column][\/vc_column][\/vc_row][vc_row][vc_column][vc_masonry_media_grid element_width=&#8221;3&#8243; grid_id=&#8221;vc_gid:1705417299561-276c44b2-797b-9&#8243; include=&#8221;2226,2227,2228,2229&#8243;][\/vc_column][\/vc_row][vc_row][vc_column][\/vc_column][\/vc_row][vc_row][vc_column][vc_masonry_media_grid element_width=&#8221;3&#8243; grid_id=&#8221;vc_gid:1705417299562-b728fab7-7e12-1&#8243; include=&#8221;2230,2231,2232,2233&#8243;][\/vc_column][\/vc_row][vc_row][vc_column][\/vc_column][\/vc_row][vc_row][vc_column][vc_masonry_media_grid element_width=&#8221;3&#8243; grid_id=&#8221;vc_gid:1705417299563-eea87814-7704-6&#8243; include=&#8221;2234,2235,2236,2237&#8243;][\/vc_column][\/vc_row][vc_row][vc_column][\/vc_column][\/vc_row][vc_row][vc_column][vc_masonry_media_grid element_width=&#8221;3&#8243; grid_id=&#8221;vc_gid:1705417299563-ff8ecbc3-9d30-3&#8243; include=&#8221;2238,2239,2240,2241&#8243;][\/vc_column][\/vc_row]<\/p>\n","protected":false},"author":1,"featured_media":0,"parent":0,"menu_order":0,"comment_status":"closed","ping_status":"closed","template":"","meta":{"footnotes":""},"class_list":["post-2202","page","type-page","status-publish","hentry"],"_links":{"self":[{"href":"https:\/\/batepker.hu\/index.php\/wp-json\/wp\/v2\/pages\/2202"}],"collection":[{"href":"https:\/\/batepker.hu\/index.php\/wp-json\/wp\/v2\/pages"}],"about":[{"href":"https:\/\/batepker.hu\/index.php\/wp-json\/wp\/v2\/types\/page"}],"author":[{"embeddable":true,"href":"https:\/\/batepker.hu\/index.php\/wp-json\/wp\/v2\/users\/1"}],"replies":[{"embeddable":true,"href":"https:\/\/batepker.hu\/index.php\/wp-json\/wp\/v2\/comments?post=2202"}],"version-history":[{"count":5,"href":"https:\/\/batepker.hu\/index.php\/wp-json\/wp\/v2\/pages\/2202\/revisions"}],"predecessor-version":[{"id":2450,"href":"https:\/\/batepker.hu\/index.php\/wp-json\/wp\/v2\/pages\/2202\/revisions\/2450"}],"wp:attachment":[{"href":"https:\/\/batepker.hu\/index.php\/wp-json\/wp\/v2\/media?parent=2202"}],"curies":[{"name":"wp","href":"https:\/\/api.w.org\/{rel}","templated":true}]}}