{"id":2245,"date":"2023-07-05T18:59:57","date_gmt":"2023-07-05T16:59:57","guid":{"rendered":"http:\/\/batepker.hu\/?page_id=2245"},"modified":"2023-07-05T18:59:57","modified_gmt":"2023-07-05T16:59:57","slug":"egyedi-acelszerkezetek","status":"publish","type":"page","link":"https:\/\/batepker.hu\/index.php\/egyedi-acelszerkezetek\/","title":{"rendered":"Egyedi ac\u00e9lszerkezetek"},"content":{"rendered":"<p>[vc_row][vc_column]<div style=\"background-color:;height: 100px\" class=\"nicdark_section  \"><\/div> <h3 style=\"color:;padding:px;text-align:;font-size:px;line-height:px;letter-spacing: px;font-weight:bold\" class=\"    \">Piact\u00e9r rekonstrukci\u00f3 Szeksz\u00e1rd<\/h3> [\/vc_column][\/vc_row][vc_row][vc_column]<div style=\"background-color:;height: 10px\" class=\"nicdark_section  \"><\/div> Megrendel\u0151: Z\u00c1\u00c9V Zrt. Beruh\u00e1z\u00f3: SZEKSZ\u00c1RDI VAGYONKEZEL\u0150 Kft. Kivitelez\u00e9s \u00e9ve: 2014 <div style=\"background-color:;height: 25px\" class=\"nicdark_section  \"><\/div>[vc_masonry_media_grid element_width=&#8221;3&#8243; grid_id=&#8221;vc_gid:1688575915970-b5ad63d9-35af-2&#8243; include=&#8221;2246,2247,2248,2249&#8243;][\/vc_column][\/vc_row][vc_row][vc_column]<div style=\"background-color:;height: 50px\" class=\"nicdark_section  \"><\/div> <h3 style=\"color:;padding:px;text-align:;font-size:px;line-height:px;letter-spacing: px;font-weight:bold\" class=\"    \">Cs\u00faszdatorony, Szeksz\u00e1rd<\/h3> [\/vc_column][\/vc_row][vc_row][vc_column]<div style=\"background-color:;height: 10px\" class=\"nicdark_section  \"><\/div> Megrendel\u0151: CONFORMITY KFT. Beruh\u00e1z\u00f3: SZEKSZ\u00c1RDI V\u00cdZ-, \u00c9S CSATORNAM\u0170 KFT. Kivitelez\u00e9s \u00e9ve: 2011 <div style=\"background-color:;height: 25px\" class=\"nicdark_section  \"><\/div>[vc_masonry_media_grid element_width=&#8221;3&#8243; grid_id=&#8221;vc_gid:1688575915972-835e78c1-d5a9-7&#8243; include=&#8221;2250,2251,2252,2253&#8243;][\/vc_column][\/vc_row][vc_row][vc_column]<div style=\"background-color:;height: 50px\" class=\"nicdark_section  \"><\/div> <h3 style=\"color:;padding:px;text-align:;font-size:px;line-height:px;letter-spacing: px;font-weight:bold\" class=\"    \">T\u0171zl\u00e9pcs\u0151, Szeksz\u00e1rd<\/h3> [\/vc_column][\/vc_row][vc_row][vc_column]<div style=\"background-color:;height: 10px\" class=\"nicdark_section  \"><\/div> Megrendel\u0151: PALMETUS Kft. Beruh\u00e1z\u00f3: Tolna Megyei \u00d6nkorm\u00e1nyzat Kivitelez\u00e9s \u00e9ve: 2010 <div style=\"background-color:;height: 25px\" class=\"nicdark_section  \"><\/div>[vc_masonry_media_grid element_width=&#8221;3&#8243; grid_id=&#8221;vc_gid:1688575915973-32183c90-88ef-6&#8243; include=&#8221;2254,2255&#8243;][\/vc_column][\/vc_row][vc_row][vc_column]<div style=\"background-color:;height: 50px\" class=\"nicdark_section  \"><\/div> <h3 style=\"color:;padding:px;text-align:;font-size:px;line-height:px;letter-spacing: px;font-weight:bold\" class=\"    \">Tubosider szerkezet, M6 aut\u00f3p\u00e1lya<\/h3> [\/vc_column][\/vc_row][vc_row][vc_column]<div style=\"background-color:;height: 10px\" class=\"nicdark_section  \"><\/div> Megrendel\u0151: Alisca Bau Kft. Beruh\u00e1z\u00f3: Mecsek Aut\u00f3p\u00e1lya Konzorcium Kivitelez\u00e9s \u00e9ve: 2008 <div style=\"background-color:;height: 25px\" class=\"nicdark_section  \"><\/div>[vc_masonry_media_grid element_width=&#8221;3&#8243; grid_id=&#8221;vc_gid:1688575915974-b4937d18-3ef6-4&#8243; include=&#8221;2256,2257,2258,2259,2260,2261,2262,2263&#8243;][\/vc_column][\/vc_row][vc_row][vc_column]<div style=\"background-color:;height: 50px\" class=\"nicdark_section  \"><\/div> <h3 style=\"color:;padding:px;text-align:;font-size:px;line-height:px;letter-spacing: px;font-weight:bold\" class=\"    \">Praktiker \u00fczlet bej\u00e1rata, Kaposv\u00e1r<\/h3> [\/vc_column][\/vc_row][vc_row][vc_column]<div style=\"background-color:;height: 10px\" class=\"nicdark_section  \"><\/div> Megrendel\u0151: Geg\u0151 Kft. Beruh\u00e1z\u00f3: Praktiker Magyarorsz\u00e1g Kft. Kivitelez\u00e9s \u00e9ve: 2007 <div style=\"background-color:;height: 25px\" class=\"nicdark_section  \"><\/div>[vc_masonry_media_grid element_width=&#8221;3&#8243; grid_id=&#8221;vc_gid:1688575915975-3641b705-c31e-8&#8243; include=&#8221;2264,2265&#8243;][\/vc_column][\/vc_row][vc_row][vc_column]<div style=\"background-color:;height: 50px\" class=\"nicdark_section  \"><\/div> <h3 style=\"color:;padding:px;text-align:;font-size:px;line-height:px;letter-spacing: px;font-weight:bold\" class=\"    \">EXPO torony, P\u00e9cs<\/h3> [\/vc_column][\/vc_row][vc_row][vc_column]<div style=\"background-color:;height: 10px\" class=\"nicdark_section  \"><\/div> Megrendel\u0151: Geg\u0151 Kft. Beruh\u00e1z\u00f3: P\u00e9csi Rendezv\u00e9nyszervez\u0151 Kht. Kivitelez\u00e9s \u00e9ve: 2005 <div style=\"background-color:;height: 25px\" class=\"nicdark_section  \"><\/div>[vc_masonry_media_grid element_width=&#8221;3&#8243; grid_id=&#8221;vc_gid:1688575915976-29b05808-c48c-9&#8243; include=&#8221;2266,2267,2268,2269&#8243;][\/vc_column][\/vc_row]<\/p>\n","protected":false},"excerpt":{"rendered":"<p>[vc_row][vc_column][\/vc_column][\/vc_row][vc_row][vc_column][vc_masonry_media_grid element_width=&#8221;3&#8243; grid_id=&#8221;vc_gid:1688575915970-b5ad63d9-35af-2&#8243; include=&#8221;2246,2247,2248,2249&#8243;][\/vc_column][\/vc_row][vc_row][vc_column][\/vc_column][\/vc_row][vc_row][vc_column][vc_masonry_media_grid element_width=&#8221;3&#8243; grid_id=&#8221;vc_gid:1688575915972-835e78c1-d5a9-7&#8243; include=&#8221;2250,2251,2252,2253&#8243;][\/vc_column][\/vc_row][vc_row][vc_column][\/vc_column][\/vc_row][vc_row][vc_column][vc_masonry_media_grid element_width=&#8221;3&#8243; grid_id=&#8221;vc_gid:1688575915973-32183c90-88ef-6&#8243; include=&#8221;2254,2255&#8243;][\/vc_column][\/vc_row][vc_row][vc_column][\/vc_column][\/vc_row][vc_row][vc_column][vc_masonry_media_grid element_width=&#8221;3&#8243; grid_id=&#8221;vc_gid:1688575915974-b4937d18-3ef6-4&#8243; include=&#8221;2256,2257,2258,2259,2260,2261,2262,2263&#8243;][\/vc_column][\/vc_row][vc_row][vc_column][\/vc_column][\/vc_row][vc_row][vc_column][vc_masonry_media_grid element_width=&#8221;3&#8243; grid_id=&#8221;vc_gid:1688575915975-3641b705-c31e-8&#8243; include=&#8221;2264,2265&#8243;][\/vc_column][\/vc_row][vc_row][vc_column][\/vc_column][\/vc_row][vc_row][vc_column][vc_masonry_media_grid element_width=&#8221;3&#8243; grid_id=&#8221;vc_gid:1688575915976-29b05808-c48c-9&#8243; include=&#8221;2266,2267,2268,2269&#8243;][\/vc_column][\/vc_row]<\/p>\n","protected":false},"author":1,"featured_media":0,"parent":0,"menu_order":0,"comment_status":"closed","ping_status":"closed","template":"","meta":{"footnotes":""},"class_list":["post-2245","page","type-page","status-publish","hentry"],"_links":{"self":[{"href":"https:\/\/batepker.hu\/index.php\/wp-json\/wp\/v2\/pages\/2245"}],"collection":[{"href":"https:\/\/batepker.hu\/index.php\/wp-json\/wp\/v2\/pages"}],"about":[{"href":"https:\/\/batepker.hu\/index.php\/wp-json\/wp\/v2\/types\/page"}],"author":[{"embeddable":true,"href":"https:\/\/batepker.hu\/index.php\/wp-json\/wp\/v2\/users\/1"}],"replies":[{"embeddable":true,"href":"https:\/\/batepker.hu\/index.php\/wp-json\/wp\/v2\/comments?post=2245"}],"version-history":[{"count":1,"href":"https:\/\/batepker.hu\/index.php\/wp-json\/wp\/v2\/pages\/2245\/revisions"}],"predecessor-version":[{"id":2270,"href":"https:\/\/batepker.hu\/index.php\/wp-json\/wp\/v2\/pages\/2245\/revisions\/2270"}],"wp:attachment":[{"href":"https:\/\/batepker.hu\/index.php\/wp-json\/wp\/v2\/media?parent=2245"}],"curies":[{"name":"wp","href":"https:\/\/api.w.org\/{rel}","templated":true}]}}