{"id":2272,"date":"2023-07-05T19:05:35","date_gmt":"2023-07-05T17:05:35","guid":{"rendered":"http:\/\/batepker.hu\/?page_id=2272"},"modified":"2023-07-05T19:05:35","modified_gmt":"2023-07-05T17:05:35","slug":"csaladi-hazak","status":"publish","type":"page","link":"https:\/\/batepker.hu\/index.php\/csaladi-hazak\/","title":{"rendered":"Csal\u00e1di h\u00e1zak"},"content":{"rendered":"<p>[vc_row][vc_column]<div style=\"background-color:;height: 100px\" class=\"nicdark_section  \"><\/div> <h3 style=\"color:;padding:px;text-align:;font-size:px;line-height:px;letter-spacing: px;font-weight:bold\" class=\"    \">Csal\u00e1di h\u00e1z, B\u00e1tasz\u00e9k<\/h3> [\/vc_column][\/vc_row][vc_row][vc_column]<div style=\"background-color:;height: 10px\" class=\"nicdark_section  \"><\/div> Kivitelez\u00e9s \u00e9ve: 2011 <div style=\"background-color:;height: 25px\" class=\"nicdark_section  \"><\/div>[vc_masonry_media_grid element_width=&#8221;3&#8243; grid_id=&#8221;vc_gid:1688576486949-ebbb43c3-637f-10&#8243; include=&#8221;2273,2274&#8243;][\/vc_column][\/vc_row][vc_row][vc_column]<div style=\"background-color:;height: 50px\" class=\"nicdark_section  \"><\/div> <h3 style=\"color:;padding:px;text-align:;font-size:px;line-height:px;letter-spacing: px;font-weight:bold\" class=\"    \">Csal\u00e1di h\u00e1z, B\u00e1taap\u00e1ti<\/h3> [\/vc_column][\/vc_row][vc_row][vc_column]<div style=\"background-color:;height: 10px\" class=\"nicdark_section  \"><\/div> Kivitelez\u00e9s \u00e9ve: 2010 <div style=\"background-color:;height: 25px\" class=\"nicdark_section  \"><\/div>[vc_masonry_media_grid element_width=&#8221;3&#8243; grid_id=&#8221;vc_gid:1688576486950-4f430e4b-bee9-5&#8243; include=&#8221;2275,2276&#8243;][\/vc_column][\/vc_row][vc_row][vc_column]<div style=\"background-color:;height: 50px\" class=\"nicdark_section  \"><\/div> <h3 style=\"color:;padding:px;text-align:;font-size:px;line-height:px;letter-spacing: px;font-weight:bold\" class=\"    \">Csal\u00e1di h\u00e1z, Pusztahencse<\/h3> [\/vc_column][\/vc_row][vc_row][vc_column]<div style=\"background-color:;height: 10px\" class=\"nicdark_section  \"><\/div> Kivitelez\u00e9s \u00e9ve: 2009 <div style=\"background-color:;height: 25px\" class=\"nicdark_section  \"><\/div>[vc_masonry_media_grid element_width=&#8221;3&#8243; grid_id=&#8221;vc_gid:1688576486951-d6c33a8a-8962-10&#8243; include=&#8221;2277,2278&#8243;][\/vc_column][\/vc_row][vc_row][vc_column]<div style=\"background-color:;height: 50px\" class=\"nicdark_section  \"><\/div> <h3 style=\"color:;padding:px;text-align:;font-size:px;line-height:px;letter-spacing: px;font-weight:bold\" class=\"    \">Csal\u00e1di h\u00e1z, B\u00e1ta<\/h3> [\/vc_column][\/vc_row][vc_row][vc_column]<div style=\"background-color:;height: 10px\" class=\"nicdark_section  \"><\/div> Kivitelez\u00e9s \u00e9ve: 2008 <div style=\"background-color:;height: 25px\" class=\"nicdark_section  \"><\/div>[vc_masonry_media_grid element_width=&#8221;3&#8243; grid_id=&#8221;vc_gid:1688576486952-5430deb1-d207-7&#8243; include=&#8221;2279,2280&#8243;][\/vc_column][\/vc_row]<\/p>\n","protected":false},"excerpt":{"rendered":"<p>[vc_row][vc_column][\/vc_column][\/vc_row][vc_row][vc_column][vc_masonry_media_grid element_width=&#8221;3&#8243; grid_id=&#8221;vc_gid:1688576486949-ebbb43c3-637f-10&#8243; include=&#8221;2273,2274&#8243;][\/vc_column][\/vc_row][vc_row][vc_column][\/vc_column][\/vc_row][vc_row][vc_column][vc_masonry_media_grid element_width=&#8221;3&#8243; grid_id=&#8221;vc_gid:1688576486950-4f430e4b-bee9-5&#8243; include=&#8221;2275,2276&#8243;][\/vc_column][\/vc_row][vc_row][vc_column][\/vc_column][\/vc_row][vc_row][vc_column][vc_masonry_media_grid element_width=&#8221;3&#8243; grid_id=&#8221;vc_gid:1688576486951-d6c33a8a-8962-10&#8243; include=&#8221;2277,2278&#8243;][\/vc_column][\/vc_row][vc_row][vc_column][\/vc_column][\/vc_row][vc_row][vc_column][vc_masonry_media_grid element_width=&#8221;3&#8243; grid_id=&#8221;vc_gid:1688576486952-5430deb1-d207-7&#8243; include=&#8221;2279,2280&#8243;][\/vc_column][\/vc_row]<\/p>\n","protected":false},"author":1,"featured_media":0,"parent":0,"menu_order":0,"comment_status":"closed","ping_status":"closed","template":"","meta":{"footnotes":""},"class_list":["post-2272","page","type-page","status-publish","hentry"],"_links":{"self":[{"href":"https:\/\/batepker.hu\/index.php\/wp-json\/wp\/v2\/pages\/2272"}],"collection":[{"href":"https:\/\/batepker.hu\/index.php\/wp-json\/wp\/v2\/pages"}],"about":[{"href":"https:\/\/batepker.hu\/index.php\/wp-json\/wp\/v2\/types\/page"}],"author":[{"embeddable":true,"href":"https:\/\/batepker.hu\/index.php\/wp-json\/wp\/v2\/users\/1"}],"replies":[{"embeddable":true,"href":"https:\/\/batepker.hu\/index.php\/wp-json\/wp\/v2\/comments?post=2272"}],"version-history":[{"count":1,"href":"https:\/\/batepker.hu\/index.php\/wp-json\/wp\/v2\/pages\/2272\/revisions"}],"predecessor-version":[{"id":2281,"href":"https:\/\/batepker.hu\/index.php\/wp-json\/wp\/v2\/pages\/2272\/revisions\/2281"}],"wp:attachment":[{"href":"https:\/\/batepker.hu\/index.php\/wp-json\/wp\/v2\/media?parent=2272"}],"curies":[{"name":"wp","href":"https:\/\/api.w.org\/{rel}","templated":true}]}}