{"id":2300,"date":"2023-07-05T19:14:45","date_gmt":"2023-07-05T17:14:45","guid":{"rendered":"http:\/\/batepker.hu\/?page_id=2300"},"modified":"2024-01-16T15:49:11","modified_gmt":"2024-01-16T14:49:11","slug":"kozhasznu-epuletek","status":"publish","type":"page","link":"https:\/\/batepker.hu\/index.php\/kozhasznu-epuletek\/","title":{"rendered":"K\u00f6zhaszn\u00fa \u00e9p\u00fcletek"},"content":{"rendered":"<p>[vc_row][vc_column]<div style=\"background-color:;height: 100px\" class=\"nicdark_section  \"><\/div> <h3 style=\"color:;padding:px;text-align:;font-size:px;line-height:px;letter-spacing: px;font-weight:bold\" class=\"    \">Ipari Park fejleszt\u00e9se Szeksz\u00e1rd \u2013 \u201eD\u201d \u00e9p\u00fclet gener\u00e1lkivitelez\u00e9si munk\u00e1i<\/h3> [\/vc_column][\/vc_row][vc_row][vc_column]<div style=\"background-color:;height: 10px\" class=\"nicdark_section  \"><\/div> Megrendel\u0151: Szeksz\u00e1rd MJV \u00d6nkorm\u00e1nyzata Beruh\u00e1z\u00f3: Szeksz\u00e1rd MJV \u00d6nkorm\u00e1nyzata Kivitelez\u00e9s \u00e9ve: 2023 <div style=\"background-color:;height: 25px\" class=\"nicdark_section  \"><\/div>[vc_masonry_media_grid element_width=&#8221;3&#8243; grid_id=&#8221;vc_gid:1705416406541-ea1a9f28-c907-7&#8243; include=&#8221;2406&#8243;][\/vc_column][\/vc_row][vc_row][vc_column]<div style=\"background-color:;height: 100px\" class=\"nicdark_section  \"><\/div> <h3 style=\"color:;padding:px;text-align:;font-size:px;line-height:px;letter-spacing: px;font-weight:bold\" class=\"    \">Ipari Park fejleszt\u00e9se Szeksz\u00e1rd \u2013 \u201eA\u201d \u00e9p\u00fclet gener\u00e1lkivitelez\u00e9si munk\u00e1i<\/h3> [\/vc_column][\/vc_row][vc_row][vc_column]<div style=\"background-color:;height: 10px\" class=\"nicdark_section  \"><\/div> Megrendel\u0151: Szeksz\u00e1rd MJV \u00d6nkorm\u00e1nyzata Beruh\u00e1z\u00f3: Szeksz\u00e1rd MJV \u00d6nkorm\u00e1nyzata Kivitelez\u00e9s \u00e9ve: 2023 <div style=\"background-color:;height: 25px\" class=\"nicdark_section  \"><\/div>[vc_masonry_media_grid element_width=&#8221;3&#8243; grid_id=&#8221;vc_gid:1705416449860-3dc92b38-681d-1&#8243; include=&#8221;2399,2400,2401,2402,2403,2404&#8243;][\/vc_column][\/vc_row][vc_row][vc_column]<div style=\"background-color:;height: 100px\" class=\"nicdark_section  \"><\/div> <h3 style=\"color:;padding:px;text-align:;font-size:px;line-height:px;letter-spacing: px;font-weight:bold\" class=\"    \">Bonyh\u00e1d Sportcsarnok<\/h3> [\/vc_column][\/vc_row][vc_row][vc_column]<div style=\"background-color:;height: 10px\" class=\"nicdark_section  \"><\/div> Megrendel\u0151: Bonyh\u00e1d V\u00e1ros \u00d6nkorm\u00e1nyzata Beruh\u00e1z\u00f3: Bonyh\u00e1d V\u00e1ros \u00d6nkorm\u00e1nyzata Kivitelez\u00e9s \u00e9ve: 2017-2018 <div style=\"background-color:;height: 25px\" class=\"nicdark_section  \"><\/div>[vc_masonry_media_grid element_width=&#8221;3&#8243; grid_id=&#8221;vc_gid:1705416406542-f883785e-507c-8&#8243; include=&#8221;2301,2302,2303,2304,2305,2306,2307,2308&#8243;][\/vc_column][\/vc_row][vc_row][vc_column]<div style=\"background-color:;height: 50px\" class=\"nicdark_section  \"><\/div> <h3 style=\"color:;padding:px;text-align:;font-size:px;line-height:px;letter-spacing: px;font-weight:bold\" class=\"    \">K\u00e9zilabdacsarnok, V\u00c1C<\/h3> [\/vc_column][\/vc_row][vc_row][vc_column]<div style=\"background-color:;height: 10px\" class=\"nicdark_section  \"><\/div> Megrendel\u0151: GELD-FERRO Kft. Beruh\u00e1z\u00f3: V\u00c1CI K\u00c9ZILABDA SE Kivitelez\u00e9s \u00e9ve: 2016 <div style=\"background-color:;height: 25px\" class=\"nicdark_section  \"><\/div>[vc_masonry_media_grid element_width=&#8221;3&#8243; grid_id=&#8221;vc_gid:1705416406543-04a939cf-2bb6-8&#8243; include=&#8221;2309,2310,2311,2312&#8243;][\/vc_column][\/vc_row][vc_row][vc_column]<div style=\"background-color:;height: 50px\" class=\"nicdark_section  \"><\/div> <h3 style=\"color:;padding:px;text-align:;font-size:px;line-height:px;letter-spacing: px;font-weight:bold\" class=\"    \">Gimn\u00e1zium B\u00e1tasz\u00e9k<\/h3> [\/vc_column][\/vc_row][vc_row][vc_column]<div style=\"background-color:;height: 10px\" class=\"nicdark_section  \"><\/div> Megrendel\u0151: ALISCA BAU Kft. Beruh\u00e1z\u00f3: \u00d6nkorm\u00e1nyzat B\u00e1tasz\u00e9k Kivitelez\u00e9s \u00e9ve: 2009 <div style=\"background-color:;height: 25px\" class=\"nicdark_section  \"><\/div>[vc_masonry_media_grid element_width=&#8221;3&#8243; grid_id=&#8221;vc_gid:1705416406544-872afaba-2c72-9&#8243; include=&#8221;2313,2314,2315,2316&#8243;][\/vc_column][\/vc_row]<\/p>\n","protected":false},"excerpt":{"rendered":"<p>[vc_row][vc_column][\/vc_column][\/vc_row][vc_row][vc_column][vc_masonry_media_grid element_width=&#8221;3&#8243; grid_id=&#8221;vc_gid:1705416406541-ea1a9f28-c907-7&#8243; include=&#8221;2406&#8243;][\/vc_column][\/vc_row][vc_row][vc_column][\/vc_column][\/vc_row][vc_row][vc_column][vc_masonry_media_grid element_width=&#8221;3&#8243; grid_id=&#8221;vc_gid:1705416449860-3dc92b38-681d-1&#8243; include=&#8221;2399,2400,2401,2402,2403,2404&#8243;][\/vc_column][\/vc_row][vc_row][vc_column][\/vc_column][\/vc_row][vc_row][vc_column][vc_masonry_media_grid element_width=&#8221;3&#8243; grid_id=&#8221;vc_gid:1705416406542-f883785e-507c-8&#8243; include=&#8221;2301,2302,2303,2304,2305,2306,2307,2308&#8243;][\/vc_column][\/vc_row][vc_row][vc_column][\/vc_column][\/vc_row][vc_row][vc_column][vc_masonry_media_grid element_width=&#8221;3&#8243; grid_id=&#8221;vc_gid:1705416406543-04a939cf-2bb6-8&#8243; include=&#8221;2309,2310,2311,2312&#8243;][\/vc_column][\/vc_row][vc_row][vc_column][\/vc_column][\/vc_row][vc_row][vc_column][vc_masonry_media_grid element_width=&#8221;3&#8243; grid_id=&#8221;vc_gid:1705416406544-872afaba-2c72-9&#8243; include=&#8221;2313,2314,2315,2316&#8243;][\/vc_column][\/vc_row]<\/p>\n","protected":false},"author":1,"featured_media":0,"parent":0,"menu_order":0,"comment_status":"closed","ping_status":"closed","template":"","meta":{"footnotes":""},"class_list":["post-2300","page","type-page","status-publish","hentry"],"_links":{"self":[{"href":"https:\/\/batepker.hu\/index.php\/wp-json\/wp\/v2\/pages\/2300"}],"collection":[{"href":"https:\/\/batepker.hu\/index.php\/wp-json\/wp\/v2\/pages"}],"about":[{"href":"https:\/\/batepker.hu\/index.php\/wp-json\/wp\/v2\/types\/page"}],"author":[{"embeddable":true,"href":"https:\/\/batepker.hu\/index.php\/wp-json\/wp\/v2\/users\/1"}],"replies":[{"embeddable":true,"href":"https:\/\/batepker.hu\/index.php\/wp-json\/wp\/v2\/comments?post=2300"}],"version-history":[{"count":4,"href":"https:\/\/batepker.hu\/index.php\/wp-json\/wp\/v2\/pages\/2300\/revisions"}],"predecessor-version":[{"id":2407,"href":"https:\/\/batepker.hu\/index.php\/wp-json\/wp\/v2\/pages\/2300\/revisions\/2407"}],"wp:attachment":[{"href":"https:\/\/batepker.hu\/index.php\/wp-json\/wp\/v2\/media?parent=2300"}],"curies":[{"name":"wp","href":"https:\/\/api.w.org\/{rel}","templated":true}]}}