{"id":834,"date":"2019-10-07T10:26:23","date_gmt":"2019-10-07T10:26:23","guid":{"rendered":"http:\/\/www.nicdarkthemes.com\/themes\/construction\/wp\/demo\/construction\/?page_id=834"},"modified":"2023-06-28T20:46:50","modified_gmt":"2023-06-28T18:46:50","slug":"contact-1","status":"publish","type":"page","link":"https:\/\/batepker.hu\/index.php\/contact-1\/","title":{"rendered":"Kapcsolat"},"content":{"rendered":"<p>[vc_row css=&#8221;.vc_custom_1571051320807{margin-top: 70px !important;margin-bottom: 40px !important;}&#8221;][vc_column width=&#8221;1\/2&#8243; css=&#8221;.vc_custom_1467214267244{padding-top: 10px !important;padding-bottom: 10px !important;}&#8221;]<div style=\"background-color:;height: 20px\" class=\"nicdark_section  \"><\/div>[vc_column_text]<\/p>\n<h3>Papp Vilmos<\/h3>\n<p>\u00dcgyvezet\u0151\/tulajdonos<br \/>\nTelefon:+36 20\/9443-573<br \/>\nE-mail: vilmos@batepker.hu<\/p>\n<h3>Hoffmann Norbert<\/h3>\n<p>M\u0171szaki igazgat\u00f3\/Felel\u0151s m\u0171szaki vezet\u0151\/tulajdonos<br \/>\nTelefon:+36 20\/9721-481<br \/>\nE-mail:norbert@batepker.hu<\/p>\n<h3>Pappn\u00e9 Ol\u00e1h Gy\u00f6ngyi<\/h3>\n<p>P\u00e9nz\u00fcgyi vezet\u0151\/tulajdonos<br \/>\nTelefon:+36 20\/9388-843<br \/>\nE-mail:gy\u00f6ngyi@batepker.hu<\/p>\n<h3>Papp Istv\u00e1n<\/h3>\n<p>L\u00e9tes\u00edtm\u00e9ny felel\u0151s\/tulajdonos<br \/>\nTelefon:+36 20\/9890-902<br \/>\nE-mail:istv\u00e1n@batepker.hu[\/vc_column_text]<div style=\"background-color:;height: 20px\" class=\"nicdark_section  \"><\/div> <h2 style=\"color:;padding:px;text-align:;font-size:20px;line-height:20px;letter-spacing: 2px;font-weight:normal\" class=\"   nd_options_first_font \">K\u00fcldj\u00f6n \u00fczenetet k\u00f6zvetlen az oldalr\u00f3l<\/h2> <div style=\"background-color:;height: 20px\" class=\"nicdark_section  \"><\/div>\n\n    <!--start form-->\n    <div id=\"nd_options_shortcode_cf7_6\" class=\"nd_options_section \">\n      \n      <div class=\"nd_options_section nd_options_box_sizing_border_box\">\n        \n<div class=\"wpcf7 no-js\" id=\"wpcf7-f6-o1\" lang=\"hu-HU\" dir=\"ltr\">\n<div class=\"screen-reader-response\"><p role=\"status\" aria-live=\"polite\" aria-atomic=\"true\"><\/p> <ul><\/ul><\/div>\n<form action=\"\/index.php\/wp-json\/wp\/v2\/pages\/834#wpcf7-f6-o1\" method=\"post\" class=\"wpcf7-form init\" aria-label=\"Kapcsolatfelv\u00e9teli \u0171rlap\" novalidate=\"novalidate\" data-status=\"init\">\n<div>\n<input type=\"hidden\" name=\"_wpcf7\" value=\"6\" \/>\n<input type=\"hidden\" name=\"_wpcf7_version\" value=\"5.9.8\" \/>\n<input type=\"hidden\" name=\"_wpcf7_locale\" value=\"hu_HU\" \/>\n<input type=\"hidden\" name=\"_wpcf7_unit_tag\" value=\"wpcf7-f6-o1\" \/>\n<input type=\"hidden\" name=\"_wpcf7_container_post\" value=\"0\" \/>\n<input type=\"hidden\" name=\"_wpcf7_posted_data_hash\" value=\"\" \/>\n<\/div>\n<p><label> N\u00e9v<br \/>\n<span class=\"wpcf7-form-control-wrap\" data-name=\"your-name\"><input size=\"40\" class=\"wpcf7-form-control wpcf7-text wpcf7-validates-as-required\" autocomplete=\"name\" aria-required=\"true\" aria-invalid=\"false\" value=\"\" type=\"text\" name=\"your-name\" \/><\/span> <\/label>\n<\/p>\n<p><label> E-mail c\u00edm<br \/>\n<span class=\"wpcf7-form-control-wrap\" data-name=\"your-email\"><input size=\"40\" class=\"wpcf7-form-control wpcf7-email wpcf7-validates-as-required wpcf7-text wpcf7-validates-as-email\" autocomplete=\"email\" aria-required=\"true\" aria-invalid=\"false\" value=\"\" type=\"email\" name=\"your-email\" \/><\/span> <\/label>\n<\/p>\n<p><label> T\u00e1rgy<br \/>\n<span class=\"wpcf7-form-control-wrap\" data-name=\"your-subject\"><input size=\"40\" class=\"wpcf7-form-control wpcf7-text wpcf7-validates-as-required\" aria-required=\"true\" aria-invalid=\"false\" value=\"\" type=\"text\" name=\"your-subject\" \/><\/span> <\/label>\n<\/p>\n<p><label> \u00dczenet (nem k\u00f6telez\u0151)<br \/>\n<span class=\"wpcf7-form-control-wrap\" data-name=\"your-message\"><textarea cols=\"40\" rows=\"10\" class=\"wpcf7-form-control wpcf7-textarea\" aria-invalid=\"false\" name=\"your-message\"><\/textarea><\/span> <\/label>\n<\/p>\n<p><input class=\"wpcf7-form-control wpcf7-submit has-spinner\" type=\"submit\" value=\"Bek\u00fcld\u00e9s\" \/>\n<\/p><div class=\"wpcf7-response-output\" aria-hidden=\"true\"><\/div>\n<\/form>\n<\/div>\n \n      <\/div>  \n\n    <\/div>\n    <!--end form-->\n\n   [\/vc_column][vc_column width=&#8221;1\/2&#8243; css=&#8221;.vc_custom_1467214272039{padding-top: 10px !important;padding-bottom: 10px !important;}&#8221;][vc_gmaps link=&#8221;#E-8_JTNDaWZyYW1lJTIwc3JjJTNEJTIyaHR0cHMlM0ElMkYlMkZ3d3cuZ29vZ2xlLmNvbSUyRm1hcHMlMkZkJTJGZW1iZWQlM0ZtaWQlM0QxUk00RlJ4YXBYV2xfdVpkc3ZONlhCMjJoOXBBJTI2aGwlM0RlbiUyNmVoYmMlM0QyRTMxMkYlMjIlMjB3aWR0aCUzRCUyMjY0MCUyMiUyMGhlaWdodCUzRCUyMjQ4MCUyMiUzRSUzQyUyRmlmcmFtZSUzRQ==&#8221;]<div style=\"background-color:;height: 25px\" class=\"nicdark_section  \"><\/div>[vc_row_inner][vc_column_inner]\n\n\n  <div class=\"nd_options_section  nd_options_display_table \">\n    <div class=\"nd_options_display_table_cell nd_options_vertical_align_middle nd_options_width_50_percentage nd_options_text_align_left nd_options_padding_10 nd_options_box_sizing_border_box\">\n      <p class=\" nd_options_second_font nd_options_margin_0 nd_options_padding_0\" style=\"color:#2d2d2d\">Sz\u00e9khely \/ Postac\u00edm \/ Telephely:<\/p>\n    <\/div>\n    <div class=\"nd_options_display_table_cell nd_options_vertical_align_middle nd_options_width_50_percentage nd_options_text_align_right nd_options_padding_10 nd_options_box_sizing_border_box\">\n      <p class=\" nd_options_second_font nd_options_margin_0 nd_options_padding_0\" style=\"color:\">7140 B\u00e1tasz\u00e9k, Orb\u00e1nhegyi \u00fat 6.<\/p>\n    <\/div>\n  <\/div>\n\n\n   <div style=\"background-color:#f1f1f1;height: 1px\" class=\"nicdark_section  \"><\/div>\n\n\n  <div class=\"nd_options_section  nd_options_display_table \">\n    <div class=\"nd_options_display_table_cell nd_options_vertical_align_middle nd_options_width_50_percentage nd_options_text_align_left nd_options_padding_10 nd_options_box_sizing_border_box\">\n      <p class=\" nd_options_second_font nd_options_margin_0 nd_options_padding_0\" style=\"color:#2d2d2d\">GPS koordin\u00e1t\u00e1k:<\/p>\n    <\/div>\n    <div class=\"nd_options_display_table_cell nd_options_vertical_align_middle nd_options_width_50_percentage nd_options_text_align_right nd_options_padding_10 nd_options_box_sizing_border_box\">\n      <p class=\" nd_options_second_font nd_options_margin_0 nd_options_padding_0\" style=\"color:\">46\u00b0 18' 44.4`` , 18\u00b0 71' 68.7``<\/p>\n    <\/div>\n  <\/div>\n\n\n   <div style=\"background-color:#f1f1f1;height: 1px\" class=\"nicdark_section  \"><\/div>\n\n\n  <div class=\"nd_options_section  nd_options_display_table \">\n    <div class=\"nd_options_display_table_cell nd_options_vertical_align_middle nd_options_width_50_percentage nd_options_text_align_left nd_options_padding_10 nd_options_box_sizing_border_box\">\n      <p class=\" nd_options_second_font nd_options_margin_0 nd_options_padding_0\" style=\"color:#2d2d2d\">Telefon:<\/p>\n    <\/div>\n    <div class=\"nd_options_display_table_cell nd_options_vertical_align_middle nd_options_width_50_percentage nd_options_text_align_right nd_options_padding_10 nd_options_box_sizing_border_box\">\n      <p class=\" nd_options_second_font nd_options_margin_0 nd_options_padding_0\" style=\"color:\">+36 74\/491-835<\/p>\n    <\/div>\n  <\/div>\n\n\n   <div style=\"background-color:#f1f1f1;height: 1px\" class=\"nicdark_section  \"><\/div>\n\n\n  <div class=\"nd_options_section  nd_options_display_table \">\n    <div class=\"nd_options_display_table_cell nd_options_vertical_align_middle nd_options_width_50_percentage nd_options_text_align_left nd_options_padding_10 nd_options_box_sizing_border_box\">\n      <p class=\" nd_options_second_font nd_options_margin_0 nd_options_padding_0\" style=\"color:#2d2d2d\">Fax:<\/p>\n    <\/div>\n    <div class=\"nd_options_display_table_cell nd_options_vertical_align_middle nd_options_width_50_percentage nd_options_text_align_right nd_options_padding_10 nd_options_box_sizing_border_box\">\n      <p class=\" nd_options_second_font nd_options_margin_0 nd_options_padding_0\" style=\"color:\">+36 74\/591-011<\/p>\n    <\/div>\n  <\/div>\n\n\n   <div style=\"background-color:#f1f1f1;height: 1px\" class=\"nicdark_section  \"><\/div>\n\n\n  <div class=\"nd_options_section  nd_options_display_table \">\n    <div class=\"nd_options_display_table_cell nd_options_vertical_align_middle nd_options_width_50_percentage nd_options_text_align_left nd_options_padding_10 nd_options_box_sizing_border_box\">\n      <p class=\" nd_options_second_font nd_options_margin_0 nd_options_padding_0\" style=\"color:#2d2d2d\">E-mail:<\/p>\n    <\/div>\n    <div class=\"nd_options_display_table_cell nd_options_vertical_align_middle nd_options_width_50_percentage nd_options_text_align_right nd_options_padding_10 nd_options_box_sizing_border_box\">\n      <p class=\" nd_options_second_font nd_options_margin_0 nd_options_padding_0\" style=\"color:\">batepker@batepker.hu<\/p>\n    <\/div>\n  <\/div>\n\n\n   [\/vc_column_inner][\/vc_row_inner][\/vc_column][\/vc_row]<\/p>\n","protected":false},"excerpt":{"rendered":"<p>[vc_row css=&#8221;.vc_custom_1571051320807{margin-top: 70px !important;margin-bottom: 40px !important;}&#8221;][vc_column width=&#8221;1\/2&#8243; css=&#8221;.vc_custom_1467214267244{padding-top: 10px !important;padding-bottom: 10px !important;}&#8221;][vc_column_text] Papp Vilmos \u00dcgyvezet\u0151\/tulajdonos Telefon:+36 20\/9443-573 E-mail: vilmos@batepker.hu Hoffmann Norbert M\u0171szaki igazgat\u00f3\/Felel\u0151s m\u0171szaki vezet\u0151\/tulajdonos Telefon:+36 20\/9721-481 E-mail:norbert@batepker.hu Pappn\u00e9 Ol\u00e1h Gy\u00f6ngyi P\u00e9nz\u00fcgyi vezet\u0151\/tulajdonos Telefon:+36 20\/9388-843 E-mail:gy\u00f6ngyi@batepker.hu Papp Istv\u00e1n L\u00e9tes\u00edtm\u00e9ny felel\u0151s\/tulajdonos Telefon:+36 20\/9890-902 E-mail:istv\u00e1n@batepker.hu[\/vc_column_text][\/vc_column][vc_column width=&#8221;1\/2&#8243; css=&#8221;.vc_custom_1467214272039{padding-top: 10px !important;padding-bottom: 10px !important;}&#8221;][vc_gmaps link=&#8221;#E-8_JTNDaWZyYW1lJTIwc3JjJTNEJTIyaHR0cHMlM0ElMkYlMkZ3d3cuZ29vZ2xlLmNvbSUyRm1hcHMlMkZkJTJGZW1iZWQlM0ZtaWQlM0QxUk00RlJ4YXBYV2xfdVpkc3ZONlhCMjJoOXBBJTI2aGwlM0RlbiUyNmVoYmMlM0QyRTMxMkYlMjIlMjB3aWR0aCUzRCUyMjY0MCUyMiUyMGhlaWdodCUzRCUyMjQ4MCUyMiUzRSUzQyUyRmlmcmFtZSUzRQ==&#8221;][vc_row_inner][vc_column_inner][\/vc_column_inner][\/vc_row_inner][\/vc_column][\/vc_row]<\/p>\n","protected":false},"author":1,"featured_media":0,"parent":0,"menu_order":0,"comment_status":"closed","ping_status":"closed","template":"","meta":{"footnotes":""},"class_list":["post-834","page","type-page","status-publish","hentry"],"_links":{"self":[{"href":"https:\/\/batepker.hu\/index.php\/wp-json\/wp\/v2\/pages\/834"}],"collection":[{"href":"https:\/\/batepker.hu\/index.php\/wp-json\/wp\/v2\/pages"}],"about":[{"href":"https:\/\/batepker.hu\/index.php\/wp-json\/wp\/v2\/types\/page"}],"author":[{"embeddable":true,"href":"https:\/\/batepker.hu\/index.php\/wp-json\/wp\/v2\/users\/1"}],"replies":[{"embeddable":true,"href":"https:\/\/batepker.hu\/index.php\/wp-json\/wp\/v2\/comments?post=834"}],"version-history":[{"count":12,"href":"https:\/\/batepker.hu\/index.php\/wp-json\/wp\/v2\/pages\/834\/revisions"}],"predecessor-version":[{"id":1777,"href":"https:\/\/batepker.hu\/index.php\/wp-json\/wp\/v2\/pages\/834\/revisions\/1777"}],"wp:attachment":[{"href":"https:\/\/batepker.hu\/index.php\/wp-json\/wp\/v2\/media?parent=834"}],"curies":[{"name":"wp","href":"https:\/\/api.w.org\/{rel}","templated":true}]}}